{"id":1467,"date":"2021-01-13T14:04:16","date_gmt":"2021-01-13T13:04:16","guid":{"rendered":"https:\/\/shopium.eu\/ba\/?post_type=product&#038;p=1467"},"modified":"2021-01-13T14:10:29","modified_gmt":"2021-01-13T13:10:29","slug":"chainsharpener","status":"publish","type":"product","link":"https:\/\/non-stopshop.eu\/ba\/proizvod\/chainsharpener\/","title":{"rendered":"O\u0161tra\u010d lanca motorne pile &#8211; ChainSharpener"},"content":{"rendered":"","protected":false},"excerpt":{"rendered":"<ul>\n<li>Produ\u017eite radni vek motornim pilama i neka budu \u0161to u\u010dinkovitije za \u0161to laganiji rad.<\/li>\n<li>Ovaj revolucionarni sistem o\u0161trenja je veoma brz i precizan, tako da \u0107e podmazati i nao\u0161triti lanac u samo nekoliko sekundi.<\/li>\n<li>O\u0161tra\u010d je izra\u0111en od visokokvalitetnog i izdr\u017eljivog materijala, a lanac za izo\u0161trenje je ugra\u0111en unutar izo\u0161triva\u010da kako bi se lanac i \u0161ipka za vodilicu podmazivali smanjuju\u0107i trenje.<\/li>\n<li>Veoma je lak za upotrebu i lako prenosiv zbog svog prakti\u010dnog i kompaktnog dizajna i pogodan je za upotrebu na otvorenom.<\/li>\n<\/ul>\n","protected":false},"featured_media":1471,"comment_status":"closed","ping_status":"closed","template":"","meta":{"inline_featured_image":false},"product_brand":[],"product_cat":[15],"product_tag":[],"class_list":{"0":"post-1467","1":"product","2":"type-product","3":"status-publish","4":"has-post-thumbnail","6":"product_cat-uncategorized","8":"first","9":"instock","10":"sale","11":"shipping-taxable","12":"purchasable","13":"product-type-simple"},"acf":[],"_links":{"self":[{"href":"https:\/\/non-stopshop.eu\/ba\/wp-json\/wp\/v2\/product\/1467","targetHints":{"allow":["GET"]}}],"collection":[{"href":"https:\/\/non-stopshop.eu\/ba\/wp-json\/wp\/v2\/product"}],"about":[{"href":"https:\/\/non-stopshop.eu\/ba\/wp-json\/wp\/v2\/types\/product"}],"replies":[{"embeddable":true,"href":"https:\/\/non-stopshop.eu\/ba\/wp-json\/wp\/v2\/comments?post=1467"}],"wp:featuredmedia":[{"embeddable":true,"href":"https:\/\/non-stopshop.eu\/ba\/wp-json\/wp\/v2\/media\/1471"}],"wp:attachment":[{"href":"https:\/\/non-stopshop.eu\/ba\/wp-json\/wp\/v2\/media?parent=1467"}],"wp:term":[{"taxonomy":"product_brand","embeddable":true,"href":"https:\/\/non-stopshop.eu\/ba\/wp-json\/wp\/v2\/product_brand?post=1467"},{"taxonomy":"product_cat","embeddable":true,"href":"https:\/\/non-stopshop.eu\/ba\/wp-json\/wp\/v2\/product_cat?post=1467"},{"taxonomy":"product_tag","embeddable":true,"href":"https:\/\/non-stopshop.eu\/ba\/wp-json\/wp\/v2\/product_tag?post=1467"}],"curies":[{"name":"wp","href":"https:\/\/api.w.org\/{rel}","templated":true}]}}