{"id":1477,"date":"2021-01-13T14:10:48","date_gmt":"2021-01-13T13:10:48","guid":{"rendered":"https:\/\/shopium.eu\/ba\/?post_type=product&#038;p=1477"},"modified":"2021-01-13T14:15:28","modified_gmt":"2021-01-13T13:15:28","slug":"multifunctionstorage","status":"publish","type":"product","link":"https:\/\/non-stopshop.eu\/ba\/proizvod\/multifunctionstorage\/","title":{"rendered":"Multifunkcionalni kuhinjski stalak &#8211; MultifunctionStorage"},"content":{"rendered":"","protected":false},"excerpt":{"rendered":"<ul>\n<li>Ukoliko ste ljubitelj dobre organizacije i funkcionalnosti prostorije, onda je ovaj prakti\u010dni dr\u017ea\u010d ne\u0161to \u0161to \u0107e vas odu\u0161eviti.<\/li>\n<li>Pogodan je za dr\u017eanje kuhinjskog ubrusa, vi\u0161e folija, kao i raznih za\u010dina ili svih ostalih\u00a0 kuhinjskih potrep\u0161tina.<\/li>\n<li>Izuzetno stabilan, izdr\u017eljiv i samolepljiv stalak, ima funkciju rezanja folije \u010diji reza\u010di su ergonomski dizajnirani i lako se skidaju.<\/li>\n<\/ul>\n","protected":false},"featured_media":1484,"comment_status":"closed","ping_status":"closed","template":"","meta":{"inline_featured_image":false},"product_brand":[],"product_cat":[15],"product_tag":[],"class_list":{"0":"post-1477","1":"product","2":"type-product","3":"status-publish","4":"has-post-thumbnail","6":"product_cat-uncategorized","8":"first","9":"instock","10":"sale","11":"shipping-taxable","12":"purchasable","13":"product-type-simple"},"acf":[],"_links":{"self":[{"href":"https:\/\/non-stopshop.eu\/ba\/wp-json\/wp\/v2\/product\/1477","targetHints":{"allow":["GET"]}}],"collection":[{"href":"https:\/\/non-stopshop.eu\/ba\/wp-json\/wp\/v2\/product"}],"about":[{"href":"https:\/\/non-stopshop.eu\/ba\/wp-json\/wp\/v2\/types\/product"}],"replies":[{"embeddable":true,"href":"https:\/\/non-stopshop.eu\/ba\/wp-json\/wp\/v2\/comments?post=1477"}],"wp:featuredmedia":[{"embeddable":true,"href":"https:\/\/non-stopshop.eu\/ba\/wp-json\/wp\/v2\/media\/1484"}],"wp:attachment":[{"href":"https:\/\/non-stopshop.eu\/ba\/wp-json\/wp\/v2\/media?parent=1477"}],"wp:term":[{"taxonomy":"product_brand","embeddable":true,"href":"https:\/\/non-stopshop.eu\/ba\/wp-json\/wp\/v2\/product_brand?post=1477"},{"taxonomy":"product_cat","embeddable":true,"href":"https:\/\/non-stopshop.eu\/ba\/wp-json\/wp\/v2\/product_cat?post=1477"},{"taxonomy":"product_tag","embeddable":true,"href":"https:\/\/non-stopshop.eu\/ba\/wp-json\/wp\/v2\/product_tag?post=1477"}],"curies":[{"name":"wp","href":"https:\/\/api.w.org\/{rel}","templated":true}]}}