{"id":1519,"date":"2021-01-13T14:31:00","date_gmt":"2021-01-13T13:31:00","guid":{"rendered":"https:\/\/shopium.eu\/ba\/?post_type=product&#038;p=1519"},"modified":"2021-01-13T14:34:05","modified_gmt":"2021-01-13T13:34:05","slug":"magicbrush","status":"publish","type":"product","link":"https:\/\/non-stopshop.eu\/ba\/proizvod\/magicbrush\/","title":{"rendered":"Magi\u010dna \u010detka za \u010di\u0161\u0107enje &#8211; MagicBrush"},"content":{"rendered":"","protected":false},"excerpt":{"rendered":"<ul>\n<li>Sve \u0161to vam je potrebno za odr\u017eavanje razli\u010ditih povr\u0161ina u va\u0161em domu \u010distim je ovaj sjajna magi\u010dna \u010detka sa sklopivim mehanizmom za dosezanjem te\u0161ko dostupnih mesta.<\/li>\n<li>Ova magi\u010dna \u010detka uklanja i najsitnije \u010destice pra\u0161ine za blistavo \u010diste povr\u0161ine bez ikakvih mrljavih tragova.<\/li>\n<li>\u010cetka osim \u0161to \u010disti zapostavljena i \u010desto nedostupna mjesta, odli\u010dna je i za \u010di\u0161\u0107enje staklenih povr\u0161ina kada \u0107e ostaviti samo kristalnu \u010disto\u0107u.<\/li>\n<\/ul>\n","protected":false},"featured_media":1521,"comment_status":"closed","ping_status":"closed","template":"","meta":{"inline_featured_image":false},"product_brand":[],"product_cat":[15],"product_tag":[],"class_list":{"0":"post-1519","1":"product","2":"type-product","3":"status-publish","4":"has-post-thumbnail","6":"product_cat-uncategorized","8":"first","9":"instock","10":"sale","11":"shipping-taxable","12":"purchasable","13":"product-type-simple"},"acf":[],"_links":{"self":[{"href":"https:\/\/non-stopshop.eu\/ba\/wp-json\/wp\/v2\/product\/1519","targetHints":{"allow":["GET"]}}],"collection":[{"href":"https:\/\/non-stopshop.eu\/ba\/wp-json\/wp\/v2\/product"}],"about":[{"href":"https:\/\/non-stopshop.eu\/ba\/wp-json\/wp\/v2\/types\/product"}],"replies":[{"embeddable":true,"href":"https:\/\/non-stopshop.eu\/ba\/wp-json\/wp\/v2\/comments?post=1519"}],"wp:featuredmedia":[{"embeddable":true,"href":"https:\/\/non-stopshop.eu\/ba\/wp-json\/wp\/v2\/media\/1521"}],"wp:attachment":[{"href":"https:\/\/non-stopshop.eu\/ba\/wp-json\/wp\/v2\/media?parent=1519"}],"wp:term":[{"taxonomy":"product_brand","embeddable":true,"href":"https:\/\/non-stopshop.eu\/ba\/wp-json\/wp\/v2\/product_brand?post=1519"},{"taxonomy":"product_cat","embeddable":true,"href":"https:\/\/non-stopshop.eu\/ba\/wp-json\/wp\/v2\/product_cat?post=1519"},{"taxonomy":"product_tag","embeddable":true,"href":"https:\/\/non-stopshop.eu\/ba\/wp-json\/wp\/v2\/product_tag?post=1519"}],"curies":[{"name":"wp","href":"https:\/\/api.w.org\/{rel}","templated":true}]}}