{"id":1527,"date":"2021-01-13T14:34:59","date_gmt":"2021-01-13T13:34:59","guid":{"rendered":"https:\/\/shopium.eu\/ba\/?post_type=product&#038;p=1527"},"modified":"2021-01-13T14:38:50","modified_gmt":"2021-01-13T13:38:50","slug":"makerom","status":"publish","type":"product","link":"https:\/\/non-stopshop.eu\/ba\/proizvod\/makerom\/","title":{"rendered":"Silikonski kalup za omlet &#8211; MakerOm"},"content":{"rendered":"","protected":false},"excerpt":{"rendered":"<ul>\n<li>Sve \u0161to vam je potrebno za najukusniji i najbr\u017ee pripremljen doru\u010dak ikada je ovaj prakti\u010dni silikonski kalup za omlet iz mikrovalne pe\u0107nice.<\/li>\n<li>Oblo\u017een je kvalitetnim materijalom potpurno otpornim na toplotu i sa nelepljivim mehanizmom za najlak\u0161u pripremu omleta ikada.<\/li>\n<li>Tako\u0111e, veoma se lako odr\u017eava i pere u ma\u0161ini za posu\u0111e.<\/li>\n<\/ul>\n","protected":false},"featured_media":1530,"comment_status":"closed","ping_status":"closed","template":"","meta":{"inline_featured_image":false},"product_brand":[],"product_cat":[15],"product_tag":[],"class_list":{"0":"post-1527","1":"product","2":"type-product","3":"status-publish","4":"has-post-thumbnail","6":"product_cat-uncategorized","8":"first","9":"instock","10":"sale","11":"shipping-taxable","12":"purchasable","13":"product-type-simple"},"acf":[],"_links":{"self":[{"href":"https:\/\/non-stopshop.eu\/ba\/wp-json\/wp\/v2\/product\/1527","targetHints":{"allow":["GET"]}}],"collection":[{"href":"https:\/\/non-stopshop.eu\/ba\/wp-json\/wp\/v2\/product"}],"about":[{"href":"https:\/\/non-stopshop.eu\/ba\/wp-json\/wp\/v2\/types\/product"}],"replies":[{"embeddable":true,"href":"https:\/\/non-stopshop.eu\/ba\/wp-json\/wp\/v2\/comments?post=1527"}],"wp:featuredmedia":[{"embeddable":true,"href":"https:\/\/non-stopshop.eu\/ba\/wp-json\/wp\/v2\/media\/1530"}],"wp:attachment":[{"href":"https:\/\/non-stopshop.eu\/ba\/wp-json\/wp\/v2\/media?parent=1527"}],"wp:term":[{"taxonomy":"product_brand","embeddable":true,"href":"https:\/\/non-stopshop.eu\/ba\/wp-json\/wp\/v2\/product_brand?post=1527"},{"taxonomy":"product_cat","embeddable":true,"href":"https:\/\/non-stopshop.eu\/ba\/wp-json\/wp\/v2\/product_cat?post=1527"},{"taxonomy":"product_tag","embeddable":true,"href":"https:\/\/non-stopshop.eu\/ba\/wp-json\/wp\/v2\/product_tag?post=1527"}],"curies":[{"name":"wp","href":"https:\/\/api.w.org\/{rel}","templated":true}]}}