{"id":1535,"date":"2021-01-13T14:42:04","date_gmt":"2021-01-13T13:42:04","guid":{"rendered":"https:\/\/shopium.eu\/ba\/?post_type=product&#038;p=1535"},"modified":"2021-01-13T14:47:54","modified_gmt":"2021-01-13T13:47:54","slug":"openall","status":"publish","type":"product","link":"https:\/\/non-stopshop.eu\/ba\/proizvod\/openall\/","title":{"rendered":"Elektri\u010dni otvara\u010d konzervi &#8211; OpenAll"},"content":{"rendered":"","protected":false},"excerpt":{"rendered":"<ul>\n<li>Super prakti\u010dni i jednostavni otvara\u010d konzervi od nehr\u0111aju\u0107eg \u010delika koji za sobom ne ostavlja o\u0161tre ivice te hranu unutar konzerve ostavlja apsolutno netaknutom sa jedinstvenim sistemom i dizajnom otvaranja sa spoljne strane konzerve.<\/li>\n<li>Potpuno univerzalan za sve vrste konzervi i limenki koje \u0107e otvoriti potpuno sigurno u samo nekoliko sekundi.<\/li>\n<li>Potpuno siguran za upotrebu \u010dak i za decu bez straha od mogu\u0107ih posEkotina sa starim na\u010dinima otvaranja.<\/li>\n<\/ul>\n","protected":false},"featured_media":1543,"comment_status":"closed","ping_status":"closed","template":"","meta":{"inline_featured_image":false},"product_brand":[],"product_cat":[15],"product_tag":[],"class_list":{"0":"post-1535","1":"product","2":"type-product","3":"status-publish","4":"has-post-thumbnail","6":"product_cat-uncategorized","8":"first","9":"instock","10":"sale","11":"shipping-taxable","12":"purchasable","13":"product-type-simple"},"acf":[],"_links":{"self":[{"href":"https:\/\/non-stopshop.eu\/ba\/wp-json\/wp\/v2\/product\/1535","targetHints":{"allow":["GET"]}}],"collection":[{"href":"https:\/\/non-stopshop.eu\/ba\/wp-json\/wp\/v2\/product"}],"about":[{"href":"https:\/\/non-stopshop.eu\/ba\/wp-json\/wp\/v2\/types\/product"}],"replies":[{"embeddable":true,"href":"https:\/\/non-stopshop.eu\/ba\/wp-json\/wp\/v2\/comments?post=1535"}],"wp:featuredmedia":[{"embeddable":true,"href":"https:\/\/non-stopshop.eu\/ba\/wp-json\/wp\/v2\/media\/1543"}],"wp:attachment":[{"href":"https:\/\/non-stopshop.eu\/ba\/wp-json\/wp\/v2\/media?parent=1535"}],"wp:term":[{"taxonomy":"product_brand","embeddable":true,"href":"https:\/\/non-stopshop.eu\/ba\/wp-json\/wp\/v2\/product_brand?post=1535"},{"taxonomy":"product_cat","embeddable":true,"href":"https:\/\/non-stopshop.eu\/ba\/wp-json\/wp\/v2\/product_cat?post=1535"},{"taxonomy":"product_tag","embeddable":true,"href":"https:\/\/non-stopshop.eu\/ba\/wp-json\/wp\/v2\/product_tag?post=1535"}],"curies":[{"name":"wp","href":"https:\/\/api.w.org\/{rel}","templated":true}]}}