{"id":1559,"date":"2021-01-13T14:52:08","date_gmt":"2021-01-13T13:52:08","guid":{"rendered":"https:\/\/shopium.eu\/ba\/?post_type=product&#038;p=1559"},"modified":"2021-01-13T14:56:45","modified_gmt":"2021-01-13T13:56:45","slug":"detailish","status":"publish","type":"product","link":"https:\/\/non-stopshop.eu\/ba\/proizvod\/detailish\/","title":{"rendered":"Detaljni trimer &#8211; Detailish"},"content":{"rendered":"","protected":false},"excerpt":{"rendered":"<ul>\n<li>Ovo je pravi, profesionalni trimer koji \u0107e sa najve\u0107om mogu\u0107om precizno\u0161\u0107u ukloniti ne\u017eeljene dlake sa razli\u010ditih delova tela.<\/li>\n<li>Pogodan je kako za obrve, zaliske, nausnice, pazuhe, tako i za noge i ruke.<\/li>\n<li>Potpuno je siguran \u010dak i za uklanjanje de\u010dijih dlaka, a ima i motor sa niskim vibracionim zvukom kako se deca ne bi pla\u0161ila i kako bi se ose\u0107ala ugodno.<\/li>\n<li>Trimer glava mo\u017ee biti savijena do 20\u00b0, \u0161to olak\u0161ava \u0161i\u0161anje kose pod razli\u010ditim uglovima, tako da vam ne\u0107e biti naporan za dr\u017eanje u ruci.<\/li>\n<\/ul>\n","protected":false},"featured_media":1567,"comment_status":"closed","ping_status":"closed","template":"","meta":{"inline_featured_image":false},"product_brand":[],"product_cat":[15],"product_tag":[],"class_list":{"0":"post-1559","1":"product","2":"type-product","3":"status-publish","4":"has-post-thumbnail","6":"product_cat-uncategorized","8":"first","9":"instock","10":"sale","11":"shipping-taxable","12":"purchasable","13":"product-type-simple"},"acf":[],"_links":{"self":[{"href":"https:\/\/non-stopshop.eu\/ba\/wp-json\/wp\/v2\/product\/1559","targetHints":{"allow":["GET"]}}],"collection":[{"href":"https:\/\/non-stopshop.eu\/ba\/wp-json\/wp\/v2\/product"}],"about":[{"href":"https:\/\/non-stopshop.eu\/ba\/wp-json\/wp\/v2\/types\/product"}],"replies":[{"embeddable":true,"href":"https:\/\/non-stopshop.eu\/ba\/wp-json\/wp\/v2\/comments?post=1559"}],"wp:featuredmedia":[{"embeddable":true,"href":"https:\/\/non-stopshop.eu\/ba\/wp-json\/wp\/v2\/media\/1567"}],"wp:attachment":[{"href":"https:\/\/non-stopshop.eu\/ba\/wp-json\/wp\/v2\/media?parent=1559"}],"wp:term":[{"taxonomy":"product_brand","embeddable":true,"href":"https:\/\/non-stopshop.eu\/ba\/wp-json\/wp\/v2\/product_brand?post=1559"},{"taxonomy":"product_cat","embeddable":true,"href":"https:\/\/non-stopshop.eu\/ba\/wp-json\/wp\/v2\/product_cat?post=1559"},{"taxonomy":"product_tag","embeddable":true,"href":"https:\/\/non-stopshop.eu\/ba\/wp-json\/wp\/v2\/product_tag?post=1559"}],"curies":[{"name":"wp","href":"https:\/\/api.w.org\/{rel}","templated":true}]}}