{"id":2422,"date":"2021-02-15T16:16:11","date_gmt":"2021-02-15T15:16:11","guid":{"rendered":"https:\/\/shopium.eu\/ba\/?post_type=product&#038;p=2422"},"modified":"2023-11-22T09:11:26","modified_gmt":"2023-11-22T08:11:26","slug":"softbrush","status":"publish","type":"product","link":"https:\/\/non-stopshop.eu\/ba\/proizvod\/softbrush\/","title":{"rendered":"\u010cetkica za zube &#8211; SoftBrush"},"content":{"rendered":"","protected":false},"excerpt":{"rendered":"<p>Revolucionarna ultra mekana \u010detkica sa duplo vi\u0161e vlakana za potpuno bijele i \u010diste zube koja \u0107e doprijeti do mjesta na koja sa klasi\u010dnim \u010detkicama ne biste uspjeli! Proporu\u010duje se osobama sa osjetljivim desnima!<\/p>\n","protected":false},"featured_media":2429,"comment_status":"closed","ping_status":"closed","template":"","meta":{"inline_featured_image":false},"product_brand":[],"product_cat":[15,28,26],"product_tag":[],"class_list":{"0":"post-2422","1":"product","2":"type-product","3":"status-publish","4":"has-post-thumbnail","6":"product_cat-uncategorized","7":"product_cat-beauty","8":"product_cat-health","10":"first","11":"instock","12":"sale","13":"shipping-taxable","14":"purchasable","15":"product-type-simple"},"acf":[],"_links":{"self":[{"href":"https:\/\/non-stopshop.eu\/ba\/wp-json\/wp\/v2\/product\/2422","targetHints":{"allow":["GET"]}}],"collection":[{"href":"https:\/\/non-stopshop.eu\/ba\/wp-json\/wp\/v2\/product"}],"about":[{"href":"https:\/\/non-stopshop.eu\/ba\/wp-json\/wp\/v2\/types\/product"}],"replies":[{"embeddable":true,"href":"https:\/\/non-stopshop.eu\/ba\/wp-json\/wp\/v2\/comments?post=2422"}],"wp:featuredmedia":[{"embeddable":true,"href":"https:\/\/non-stopshop.eu\/ba\/wp-json\/wp\/v2\/media\/2429"}],"wp:attachment":[{"href":"https:\/\/non-stopshop.eu\/ba\/wp-json\/wp\/v2\/media?parent=2422"}],"wp:term":[{"taxonomy":"product_brand","embeddable":true,"href":"https:\/\/non-stopshop.eu\/ba\/wp-json\/wp\/v2\/product_brand?post=2422"},{"taxonomy":"product_cat","embeddable":true,"href":"https:\/\/non-stopshop.eu\/ba\/wp-json\/wp\/v2\/product_cat?post=2422"},{"taxonomy":"product_tag","embeddable":true,"href":"https:\/\/non-stopshop.eu\/ba\/wp-json\/wp\/v2\/product_tag?post=2422"}],"curies":[{"name":"wp","href":"https:\/\/api.w.org\/{rel}","templated":true}]}}