{"id":2784,"date":"2021-03-03T14:16:16","date_gmt":"2021-03-03T13:16:16","guid":{"rendered":"https:\/\/shopium.eu\/ba\/?post_type=product&#038;p=2784"},"modified":"2021-04-07T08:56:47","modified_gmt":"2021-04-07T06:56:47","slug":"alat-za-brusenje-lanca-motorne-pile-sharpner","status":"publish","type":"product","link":"https:\/\/non-stopshop.eu\/ba\/proizvod\/alat-za-brusenje-lanca-motorne-pile-sharpner\/","title":{"rendered":"Alat za bru\u0161enje lanca motorne pile &#8211; Sharpner"},"content":{"rendered":"","protected":false},"excerpt":{"rendered":"<p>Mo\u0107ni alat koji \u0107e vam osigurati uvijek savr\u0161eno o\u0161tre lance motorne pile, potpuno univerzalan i prakti\u010dan upotpunite svoju kolekciju alata i u\u0161tedite vrijeme i novac jo\u0161 danas!<\/p>\n","protected":false},"featured_media":2793,"comment_status":"closed","ping_status":"closed","template":"","meta":{"inline_featured_image":false},"product_brand":[],"product_cat":[15,27],"product_tag":[],"class_list":{"0":"post-2784","1":"product","2":"type-product","3":"status-publish","4":"has-post-thumbnail","6":"product_cat-uncategorized","7":"product_cat-home","9":"first","10":"instock","11":"sale","12":"shipping-taxable","13":"purchasable","14":"product-type-simple"},"acf":[],"_links":{"self":[{"href":"https:\/\/non-stopshop.eu\/ba\/wp-json\/wp\/v2\/product\/2784","targetHints":{"allow":["GET"]}}],"collection":[{"href":"https:\/\/non-stopshop.eu\/ba\/wp-json\/wp\/v2\/product"}],"about":[{"href":"https:\/\/non-stopshop.eu\/ba\/wp-json\/wp\/v2\/types\/product"}],"replies":[{"embeddable":true,"href":"https:\/\/non-stopshop.eu\/ba\/wp-json\/wp\/v2\/comments?post=2784"}],"wp:featuredmedia":[{"embeddable":true,"href":"https:\/\/non-stopshop.eu\/ba\/wp-json\/wp\/v2\/media\/2793"}],"wp:attachment":[{"href":"https:\/\/non-stopshop.eu\/ba\/wp-json\/wp\/v2\/media?parent=2784"}],"wp:term":[{"taxonomy":"product_brand","embeddable":true,"href":"https:\/\/non-stopshop.eu\/ba\/wp-json\/wp\/v2\/product_brand?post=2784"},{"taxonomy":"product_cat","embeddable":true,"href":"https:\/\/non-stopshop.eu\/ba\/wp-json\/wp\/v2\/product_cat?post=2784"},{"taxonomy":"product_tag","embeddable":true,"href":"https:\/\/non-stopshop.eu\/ba\/wp-json\/wp\/v2\/product_tag?post=2784"}],"curies":[{"name":"wp","href":"https:\/\/api.w.org\/{rel}","templated":true}]}}