{"id":2799,"date":"2021-03-03T15:34:07","date_gmt":"2021-03-03T14:34:07","guid":{"rendered":"https:\/\/shopium.eu\/ba\/?post_type=product&#038;p=2799"},"modified":"2021-04-07T09:03:30","modified_gmt":"2021-04-07T07:03:30","slug":"elektricni-uredjaj-protiv-komaraca-mosquitostop","status":"publish","type":"product","link":"https:\/\/non-stopshop.eu\/ba\/proizvod\/elektricni-uredjaj-protiv-komaraca-mosquitostop\/","title":{"rendered":"Elektri\u010dni ure\u0111aj protiv komaraca &#8211; MosquitoStop"},"content":{"rendered":"","protected":false},"excerpt":{"rendered":"<p>Za\u0161titite sebe i svoje uku\u0107ane od komaraca sa jedinstvenim elektri\u010dnim ure\u0111ajem koji \u0107e vas efikasno i brzo rije\u0161iti ovih napasnika bilo da ste u ku\u0107i ili u va\u0161em vrtu.<\/p>\n","protected":false},"featured_media":2808,"comment_status":"closed","ping_status":"closed","template":"","meta":{"inline_featured_image":false},"product_brand":[],"product_cat":[15,27],"product_tag":[],"class_list":{"0":"post-2799","1":"product","2":"type-product","3":"status-publish","4":"has-post-thumbnail","6":"product_cat-uncategorized","7":"product_cat-home","9":"first","10":"instock","11":"sale","12":"shipping-taxable","13":"purchasable","14":"product-type-simple"},"acf":[],"_links":{"self":[{"href":"https:\/\/non-stopshop.eu\/ba\/wp-json\/wp\/v2\/product\/2799","targetHints":{"allow":["GET"]}}],"collection":[{"href":"https:\/\/non-stopshop.eu\/ba\/wp-json\/wp\/v2\/product"}],"about":[{"href":"https:\/\/non-stopshop.eu\/ba\/wp-json\/wp\/v2\/types\/product"}],"replies":[{"embeddable":true,"href":"https:\/\/non-stopshop.eu\/ba\/wp-json\/wp\/v2\/comments?post=2799"}],"wp:featuredmedia":[{"embeddable":true,"href":"https:\/\/non-stopshop.eu\/ba\/wp-json\/wp\/v2\/media\/2808"}],"wp:attachment":[{"href":"https:\/\/non-stopshop.eu\/ba\/wp-json\/wp\/v2\/media?parent=2799"}],"wp:term":[{"taxonomy":"product_brand","embeddable":true,"href":"https:\/\/non-stopshop.eu\/ba\/wp-json\/wp\/v2\/product_brand?post=2799"},{"taxonomy":"product_cat","embeddable":true,"href":"https:\/\/non-stopshop.eu\/ba\/wp-json\/wp\/v2\/product_cat?post=2799"},{"taxonomy":"product_tag","embeddable":true,"href":"https:\/\/non-stopshop.eu\/ba\/wp-json\/wp\/v2\/product_tag?post=2799"}],"curies":[{"name":"wp","href":"https:\/\/api.w.org\/{rel}","templated":true}]}}