{"id":3057,"date":"2021-03-09T09:03:23","date_gmt":"2021-03-09T08:03:23","guid":{"rendered":"https:\/\/shopium.eu\/ba\/?post_type=product&#038;p=3057"},"modified":"2021-04-13T11:59:56","modified_gmt":"2021-04-13T09:59:56","slug":"collabcar","status":"publish","type":"product","link":"https:\/\/non-stopshop.eu\/ba\/proizvod\/collabcar\/","title":{"rendered":"Auto dr\u017ea\u010d za telefon &#8211; CollabCar"},"content":{"rendered":"","protected":false},"excerpt":{"rendered":"<p>Ultra stabilan, \u010dvrst i neklizaju\u0107i dr\u017ea\u010d za telefon CollabCar omogu\u0107ava jednostavno i sigurno kori\u0161tenje telefona tokom vo\u017enje za sve vrste aktivnosti poput poziva, kori\u0161tenja navigacije i sli\u010dno.<\/p>\n","protected":false},"featured_media":3060,"comment_status":"closed","ping_status":"closed","template":"","meta":{"inline_featured_image":false},"product_brand":[],"product_cat":[15],"product_tag":[],"class_list":{"0":"post-3057","1":"product","2":"type-product","3":"status-publish","4":"has-post-thumbnail","6":"product_cat-uncategorized","8":"first","9":"instock","10":"sale","11":"shipping-taxable","12":"purchasable","13":"product-type-simple"},"acf":[],"_links":{"self":[{"href":"https:\/\/non-stopshop.eu\/ba\/wp-json\/wp\/v2\/product\/3057","targetHints":{"allow":["GET"]}}],"collection":[{"href":"https:\/\/non-stopshop.eu\/ba\/wp-json\/wp\/v2\/product"}],"about":[{"href":"https:\/\/non-stopshop.eu\/ba\/wp-json\/wp\/v2\/types\/product"}],"replies":[{"embeddable":true,"href":"https:\/\/non-stopshop.eu\/ba\/wp-json\/wp\/v2\/comments?post=3057"}],"wp:featuredmedia":[{"embeddable":true,"href":"https:\/\/non-stopshop.eu\/ba\/wp-json\/wp\/v2\/media\/3060"}],"wp:attachment":[{"href":"https:\/\/non-stopshop.eu\/ba\/wp-json\/wp\/v2\/media?parent=3057"}],"wp:term":[{"taxonomy":"product_brand","embeddable":true,"href":"https:\/\/non-stopshop.eu\/ba\/wp-json\/wp\/v2\/product_brand?post=3057"},{"taxonomy":"product_cat","embeddable":true,"href":"https:\/\/non-stopshop.eu\/ba\/wp-json\/wp\/v2\/product_cat?post=3057"},{"taxonomy":"product_tag","embeddable":true,"href":"https:\/\/non-stopshop.eu\/ba\/wp-json\/wp\/v2\/product_tag?post=3057"}],"curies":[{"name":"wp","href":"https:\/\/api.w.org\/{rel}","templated":true}]}}