{"id":335,"date":"2020-12-01T11:03:48","date_gmt":"2020-12-01T10:03:48","guid":{"rendered":"https:\/\/shopium.eu\/rs\/?post_type=product&#038;p=335"},"modified":"2021-04-07T15:42:54","modified_gmt":"2021-04-07T13:42:54","slug":"silkysmooth","status":"publish","type":"product","link":"https:\/\/non-stopshop.eu\/ba\/proizvod\/silkysmooth\/","title":{"rendered":"Losion u spreju za uklanjanje dlaka &#8211; SilkySmooth"},"content":{"rendered":"","protected":false},"excerpt":{"rendered":"<p>Super sna\u017ena i inovativna formula ovog spreja za uklanjanje dla\u010dica omogu\u0107uje vam brzo i bezbolno skidanje dla\u010dica u samo nekoliko poteza dok prirodna formula omogu\u0107uje sigurno kori\u0161tenje bez iritacije ko\u017ee i alergijskih reakcija.<\/p>\n","protected":false},"featured_media":342,"comment_status":"closed","ping_status":"closed","template":"","meta":{"inline_featured_image":false},"product_brand":[],"product_cat":[15,28],"product_tag":[],"class_list":{"0":"post-335","1":"product","2":"type-product","3":"status-publish","4":"has-post-thumbnail","6":"product_cat-uncategorized","7":"product_cat-beauty","9":"first","10":"instock","11":"sale","12":"shipping-taxable","13":"purchasable","14":"product-type-simple"},"acf":[],"_links":{"self":[{"href":"https:\/\/non-stopshop.eu\/ba\/wp-json\/wp\/v2\/product\/335","targetHints":{"allow":["GET"]}}],"collection":[{"href":"https:\/\/non-stopshop.eu\/ba\/wp-json\/wp\/v2\/product"}],"about":[{"href":"https:\/\/non-stopshop.eu\/ba\/wp-json\/wp\/v2\/types\/product"}],"replies":[{"embeddable":true,"href":"https:\/\/non-stopshop.eu\/ba\/wp-json\/wp\/v2\/comments?post=335"}],"wp:featuredmedia":[{"embeddable":true,"href":"https:\/\/non-stopshop.eu\/ba\/wp-json\/wp\/v2\/media\/342"}],"wp:attachment":[{"href":"https:\/\/non-stopshop.eu\/ba\/wp-json\/wp\/v2\/media?parent=335"}],"wp:term":[{"taxonomy":"product_brand","embeddable":true,"href":"https:\/\/non-stopshop.eu\/ba\/wp-json\/wp\/v2\/product_brand?post=335"},{"taxonomy":"product_cat","embeddable":true,"href":"https:\/\/non-stopshop.eu\/ba\/wp-json\/wp\/v2\/product_cat?post=335"},{"taxonomy":"product_tag","embeddable":true,"href":"https:\/\/non-stopshop.eu\/ba\/wp-json\/wp\/v2\/product_tag?post=335"}],"curies":[{"name":"wp","href":"https:\/\/api.w.org\/{rel}","templated":true}]}}