{"id":351,"date":"2020-12-01T11:48:25","date_gmt":"2020-12-01T10:48:25","guid":{"rendered":"https:\/\/shopium.eu\/rs\/?post_type=product&#038;p=351"},"modified":"2024-01-11T14:41:51","modified_gmt":"2024-01-11T13:41:51","slug":"sharpcut","status":"publish","type":"product","link":"https:\/\/non-stopshop.eu\/ba\/proizvod\/sharpcut\/","title":{"rendered":"Cikulari za bu\u0161ilicu &#8211; SharpCut"},"content":{"rendered":"<p>Efikasani i super u\u010dinkoviti cikulari koji su univevrzalani za sve vrste bu\u0161ilica, olak\u0161a\u0107e vam znatno dnevne poslove oko rezanja razli\u010ditih tipova cijevi i drugih predmeta jednostavno i bez muke! U pakovanju dobijate <strong>6 KOMADA<\/strong> razli\u010ditih veli\u010dina!<\/p>\n","protected":false},"excerpt":{"rendered":"<div class=\"woocommerce-product-details__short-description\">\n<p class=\"description\">Efikasani i super u\u010dinkoviti cikulari koji su univevrzalani za sve vrste bu\u0161ilica, olak\u0161a\u0107e vam znatno dnevne poslove oko rezanja razli\u010ditih tipova cijevi i drugih predmeta jednostavno i bez muke! U pakovanju dobijate <strong>6 KOMADA<\/strong> razli\u010ditih veli\u010dina!<\/p>\n<\/div>\n","protected":false},"featured_media":356,"comment_status":"closed","ping_status":"closed","template":"","meta":{"inline_featured_image":false},"product_brand":[],"product_cat":[15,27],"product_tag":[],"class_list":{"0":"post-351","1":"product","2":"type-product","3":"status-publish","4":"has-post-thumbnail","6":"product_cat-uncategorized","7":"product_cat-home","9":"first","10":"instock","11":"sale","12":"shipping-taxable","13":"purchasable","14":"product-type-simple"},"acf":[],"_links":{"self":[{"href":"https:\/\/non-stopshop.eu\/ba\/wp-json\/wp\/v2\/product\/351","targetHints":{"allow":["GET"]}}],"collection":[{"href":"https:\/\/non-stopshop.eu\/ba\/wp-json\/wp\/v2\/product"}],"about":[{"href":"https:\/\/non-stopshop.eu\/ba\/wp-json\/wp\/v2\/types\/product"}],"replies":[{"embeddable":true,"href":"https:\/\/non-stopshop.eu\/ba\/wp-json\/wp\/v2\/comments?post=351"}],"wp:featuredmedia":[{"embeddable":true,"href":"https:\/\/non-stopshop.eu\/ba\/wp-json\/wp\/v2\/media\/356"}],"wp:attachment":[{"href":"https:\/\/non-stopshop.eu\/ba\/wp-json\/wp\/v2\/media?parent=351"}],"wp:term":[{"taxonomy":"product_brand","embeddable":true,"href":"https:\/\/non-stopshop.eu\/ba\/wp-json\/wp\/v2\/product_brand?post=351"},{"taxonomy":"product_cat","embeddable":true,"href":"https:\/\/non-stopshop.eu\/ba\/wp-json\/wp\/v2\/product_cat?post=351"},{"taxonomy":"product_tag","embeddable":true,"href":"https:\/\/non-stopshop.eu\/ba\/wp-json\/wp\/v2\/product_tag?post=351"}],"curies":[{"name":"wp","href":"https:\/\/api.w.org\/{rel}","templated":true}]}}