{"id":3690,"date":"2021-03-16T13:11:29","date_gmt":"2021-03-16T12:11:29","guid":{"rendered":"https:\/\/shopium.eu\/ba\/?post_type=product&#038;p=3690"},"modified":"2021-03-16T13:15:06","modified_gmt":"2021-03-16T12:15:06","slug":"rucna-pegla-na-paru-ironly","status":"publish","type":"product","link":"https:\/\/non-stopshop.eu\/ba\/proizvod\/rucna-pegla-na-paru-ironly\/","title":{"rendered":"Ru\u010dna pegla na paru &#8211; Ironly"},"content":{"rendered":"","protected":false},"excerpt":{"rendered":"<p>Najprakti\u010dnija ru\u010dna pegla na paru Ironly omogu\u0107i\u0107e vam lako i jednostavno peglanje odje\u0107e bez upotrebe stola za peglanje, savr\u0161ena za putovanja i prilike kada nemate puno vremena.<\/p>\n","protected":false},"featured_media":3691,"comment_status":"closed","ping_status":"closed","template":"","meta":{"inline_featured_image":false},"product_brand":[],"product_cat":[15],"product_tag":[],"class_list":{"0":"post-3690","1":"product","2":"type-product","3":"status-publish","4":"has-post-thumbnail","6":"product_cat-uncategorized","8":"first","9":"instock","10":"sale","11":"shipping-taxable","12":"purchasable","13":"product-type-simple"},"acf":[],"_links":{"self":[{"href":"https:\/\/non-stopshop.eu\/ba\/wp-json\/wp\/v2\/product\/3690","targetHints":{"allow":["GET"]}}],"collection":[{"href":"https:\/\/non-stopshop.eu\/ba\/wp-json\/wp\/v2\/product"}],"about":[{"href":"https:\/\/non-stopshop.eu\/ba\/wp-json\/wp\/v2\/types\/product"}],"replies":[{"embeddable":true,"href":"https:\/\/non-stopshop.eu\/ba\/wp-json\/wp\/v2\/comments?post=3690"}],"wp:featuredmedia":[{"embeddable":true,"href":"https:\/\/non-stopshop.eu\/ba\/wp-json\/wp\/v2\/media\/3691"}],"wp:attachment":[{"href":"https:\/\/non-stopshop.eu\/ba\/wp-json\/wp\/v2\/media?parent=3690"}],"wp:term":[{"taxonomy":"product_brand","embeddable":true,"href":"https:\/\/non-stopshop.eu\/ba\/wp-json\/wp\/v2\/product_brand?post=3690"},{"taxonomy":"product_cat","embeddable":true,"href":"https:\/\/non-stopshop.eu\/ba\/wp-json\/wp\/v2\/product_cat?post=3690"},{"taxonomy":"product_tag","embeddable":true,"href":"https:\/\/non-stopshop.eu\/ba\/wp-json\/wp\/v2\/product_tag?post=3690"}],"curies":[{"name":"wp","href":"https:\/\/api.w.org\/{rel}","templated":true}]}}