{"id":3711,"date":"2021-03-16T13:59:17","date_gmt":"2021-03-16T12:59:17","guid":{"rendered":"https:\/\/shopium.eu\/ba\/?post_type=product&#038;p=3711"},"modified":"2021-03-19T13:51:23","modified_gmt":"2021-03-19T12:51:23","slug":"kasica-prasica-bankery","status":"publish","type":"product","link":"https:\/\/non-stopshop.eu\/ba\/proizvod\/kasica-prasica-bankery\/","title":{"rendered":"Kasica prasica &#8211; Bankery"},"content":{"rendered":"","protected":false},"excerpt":{"rendered":"<p>Ovakva neobi\u010dna kasica prasica je zasigurno pravi izbor za poklon dragoj osobi koja zasigurno ne\u0107e ostati ravnodu\u0161na.<\/p>\n","protected":false},"featured_media":3713,"comment_status":"closed","ping_status":"closed","template":"","meta":{"inline_featured_image":false},"product_brand":[],"product_cat":[15],"product_tag":[],"class_list":{"0":"post-3711","1":"product","2":"type-product","3":"status-publish","4":"has-post-thumbnail","6":"product_cat-uncategorized","8":"first","9":"instock","10":"sale","11":"shipping-taxable","12":"purchasable","13":"product-type-simple"},"acf":[],"_links":{"self":[{"href":"https:\/\/non-stopshop.eu\/ba\/wp-json\/wp\/v2\/product\/3711","targetHints":{"allow":["GET"]}}],"collection":[{"href":"https:\/\/non-stopshop.eu\/ba\/wp-json\/wp\/v2\/product"}],"about":[{"href":"https:\/\/non-stopshop.eu\/ba\/wp-json\/wp\/v2\/types\/product"}],"replies":[{"embeddable":true,"href":"https:\/\/non-stopshop.eu\/ba\/wp-json\/wp\/v2\/comments?post=3711"}],"wp:featuredmedia":[{"embeddable":true,"href":"https:\/\/non-stopshop.eu\/ba\/wp-json\/wp\/v2\/media\/3713"}],"wp:attachment":[{"href":"https:\/\/non-stopshop.eu\/ba\/wp-json\/wp\/v2\/media?parent=3711"}],"wp:term":[{"taxonomy":"product_brand","embeddable":true,"href":"https:\/\/non-stopshop.eu\/ba\/wp-json\/wp\/v2\/product_brand?post=3711"},{"taxonomy":"product_cat","embeddable":true,"href":"https:\/\/non-stopshop.eu\/ba\/wp-json\/wp\/v2\/product_cat?post=3711"},{"taxonomy":"product_tag","embeddable":true,"href":"https:\/\/non-stopshop.eu\/ba\/wp-json\/wp\/v2\/product_tag?post=3711"}],"curies":[{"name":"wp","href":"https:\/\/api.w.org\/{rel}","templated":true}]}}