{"id":4252,"date":"2021-03-22T10:52:09","date_gmt":"2021-03-22T09:52:09","guid":{"rendered":"https:\/\/shopium.eu\/ba\/?post_type=product&#038;p=4252"},"modified":"2021-03-23T09:20:52","modified_gmt":"2021-03-23T08:20:52","slug":"set-za-ukrasavanje-kose-blingbling","status":"publish","type":"product","link":"https:\/\/non-stopshop.eu\/ba\/proizvod\/set-za-ukrasavanje-kose-blingbling\/","title":{"rendered":"Set za ukra\u0161avanje kose &#8211; BlingBling"},"content":{"rendered":"","protected":false},"excerpt":{"rendered":"<p>Sjajan kreativni set kojim \u0107ete ukrasiti kosu devoj\u010dicama ili jednostavno osve\u017eiti garderobu.<\/p>\n","protected":false},"featured_media":4215,"comment_status":"closed","ping_status":"closed","template":"","meta":{"inline_featured_image":false},"product_brand":[],"product_cat":[15],"product_tag":[],"class_list":{"0":"post-4252","1":"product","2":"type-product","3":"status-publish","4":"has-post-thumbnail","6":"product_cat-uncategorized","8":"first","9":"instock","10":"sale","11":"shipping-taxable","12":"purchasable","13":"product-type-simple"},"acf":[],"_links":{"self":[{"href":"https:\/\/non-stopshop.eu\/ba\/wp-json\/wp\/v2\/product\/4252","targetHints":{"allow":["GET"]}}],"collection":[{"href":"https:\/\/non-stopshop.eu\/ba\/wp-json\/wp\/v2\/product"}],"about":[{"href":"https:\/\/non-stopshop.eu\/ba\/wp-json\/wp\/v2\/types\/product"}],"replies":[{"embeddable":true,"href":"https:\/\/non-stopshop.eu\/ba\/wp-json\/wp\/v2\/comments?post=4252"}],"wp:featuredmedia":[{"embeddable":true,"href":"https:\/\/non-stopshop.eu\/ba\/wp-json\/wp\/v2\/media\/4215"}],"wp:attachment":[{"href":"https:\/\/non-stopshop.eu\/ba\/wp-json\/wp\/v2\/media?parent=4252"}],"wp:term":[{"taxonomy":"product_brand","embeddable":true,"href":"https:\/\/non-stopshop.eu\/ba\/wp-json\/wp\/v2\/product_brand?post=4252"},{"taxonomy":"product_cat","embeddable":true,"href":"https:\/\/non-stopshop.eu\/ba\/wp-json\/wp\/v2\/product_cat?post=4252"},{"taxonomy":"product_tag","embeddable":true,"href":"https:\/\/non-stopshop.eu\/ba\/wp-json\/wp\/v2\/product_tag?post=4252"}],"curies":[{"name":"wp","href":"https:\/\/api.w.org\/{rel}","templated":true}]}}