{"id":4752,"date":"2021-04-02T11:54:01","date_gmt":"2021-04-02T09:54:01","guid":{"rendered":"https:\/\/shopium.eu\/ba\/?post_type=product&#038;p=4752"},"modified":"2021-04-08T09:29:57","modified_gmt":"2021-04-08T07:29:57","slug":"2komada-grill-podloga-za-rostilj","status":"publish","type":"product","link":"https:\/\/non-stopshop.eu\/ba\/proizvod\/2komada-grill-podloga-za-rostilj\/","title":{"rendered":"2Komada &#8211; Grill podloga za ro\u0161tilj"},"content":{"rendered":"","protected":false},"excerpt":{"rendered":"<p>Zadr\u017eite savr\u0161enu so\u010dnost i kvalitet mesa tokom ro\u0161tiljanja. Sa ovom jedinstvenom grill podlogom savr\u0161enom za sve vrste mesa, povr\u0107a pa \u010dak i jaja ili PIZZE u samo nekoliko minuta!<\/p>\n","protected":false},"featured_media":4775,"comment_status":"closed","ping_status":"closed","template":"","meta":{"inline_featured_image":false},"product_brand":[],"product_cat":[15,27,35],"product_tag":[],"class_list":{"0":"post-4752","1":"product","2":"type-product","3":"status-publish","4":"has-post-thumbnail","6":"product_cat-uncategorized","7":"product_cat-home","8":"product_cat-fun","10":"first","11":"instock","12":"sale","13":"shipping-taxable","14":"purchasable","15":"product-type-simple"},"acf":[],"_links":{"self":[{"href":"https:\/\/non-stopshop.eu\/ba\/wp-json\/wp\/v2\/product\/4752","targetHints":{"allow":["GET"]}}],"collection":[{"href":"https:\/\/non-stopshop.eu\/ba\/wp-json\/wp\/v2\/product"}],"about":[{"href":"https:\/\/non-stopshop.eu\/ba\/wp-json\/wp\/v2\/types\/product"}],"replies":[{"embeddable":true,"href":"https:\/\/non-stopshop.eu\/ba\/wp-json\/wp\/v2\/comments?post=4752"}],"wp:featuredmedia":[{"embeddable":true,"href":"https:\/\/non-stopshop.eu\/ba\/wp-json\/wp\/v2\/media\/4775"}],"wp:attachment":[{"href":"https:\/\/non-stopshop.eu\/ba\/wp-json\/wp\/v2\/media?parent=4752"}],"wp:term":[{"taxonomy":"product_brand","embeddable":true,"href":"https:\/\/non-stopshop.eu\/ba\/wp-json\/wp\/v2\/product_brand?post=4752"},{"taxonomy":"product_cat","embeddable":true,"href":"https:\/\/non-stopshop.eu\/ba\/wp-json\/wp\/v2\/product_cat?post=4752"},{"taxonomy":"product_tag","embeddable":true,"href":"https:\/\/non-stopshop.eu\/ba\/wp-json\/wp\/v2\/product_tag?post=4752"}],"curies":[{"name":"wp","href":"https:\/\/api.w.org\/{rel}","templated":true}]}}