{"id":4960,"date":"2021-04-08T15:12:31","date_gmt":"2021-04-08T13:12:31","guid":{"rendered":"https:\/\/shopium.eu\/ba\/?post_type=product&#038;p=4960"},"modified":"2022-05-08T16:39:51","modified_gmt":"2022-05-08T14:39:51","slug":"prskalica-vode-pod-visokim-pritiskom-jetgun","status":"publish","type":"product","link":"https:\/\/non-stopshop.eu\/ba\/proizvod\/prskalica-vode-pod-visokim-pritiskom-jetgun\/","title":{"rendered":"Prskalica vode pod visokim pritiskom &#8211; JetGun"},"content":{"rendered":"","protected":false},"excerpt":{"rendered":"<p>Ne morate se vi\u0161e mu\u010diti oko \u010di\u0161\u0107enja doma\u0107instva ili pranja automobila! Uz ovaj proizvod sve to mo\u017eete uraditi brzo i bez muke.<\/p>\n","protected":false},"featured_media":2691,"comment_status":"closed","ping_status":"closed","template":"","meta":{"inline_featured_image":false},"product_brand":[],"product_cat":[15],"product_tag":[],"class_list":{"0":"post-4960","1":"product","2":"type-product","3":"status-publish","4":"has-post-thumbnail","6":"product_cat-uncategorized","8":"first","9":"instock","10":"sale","11":"shipping-taxable","12":"purchasable","13":"product-type-simple"},"acf":[],"_links":{"self":[{"href":"https:\/\/non-stopshop.eu\/ba\/wp-json\/wp\/v2\/product\/4960","targetHints":{"allow":["GET"]}}],"collection":[{"href":"https:\/\/non-stopshop.eu\/ba\/wp-json\/wp\/v2\/product"}],"about":[{"href":"https:\/\/non-stopshop.eu\/ba\/wp-json\/wp\/v2\/types\/product"}],"replies":[{"embeddable":true,"href":"https:\/\/non-stopshop.eu\/ba\/wp-json\/wp\/v2\/comments?post=4960"}],"wp:featuredmedia":[{"embeddable":true,"href":"https:\/\/non-stopshop.eu\/ba\/wp-json\/wp\/v2\/media\/2691"}],"wp:attachment":[{"href":"https:\/\/non-stopshop.eu\/ba\/wp-json\/wp\/v2\/media?parent=4960"}],"wp:term":[{"taxonomy":"product_brand","embeddable":true,"href":"https:\/\/non-stopshop.eu\/ba\/wp-json\/wp\/v2\/product_brand?post=4960"},{"taxonomy":"product_cat","embeddable":true,"href":"https:\/\/non-stopshop.eu\/ba\/wp-json\/wp\/v2\/product_cat?post=4960"},{"taxonomy":"product_tag","embeddable":true,"href":"https:\/\/non-stopshop.eu\/ba\/wp-json\/wp\/v2\/product_tag?post=4960"}],"curies":[{"name":"wp","href":"https:\/\/api.w.org\/{rel}","templated":true}]}}