{"id":4962,"date":"2021-04-08T15:20:16","date_gmt":"2021-04-08T13:20:16","guid":{"rendered":"https:\/\/shopium.eu\/ba\/?post_type=product&#038;p=4962"},"modified":"2021-10-06T15:36:12","modified_gmt":"2021-10-06T13:36:12","slug":"takticke-vojne-rukavice-glowesly","status":"publish","type":"product","link":"https:\/\/non-stopshop.eu\/ba\/proizvod\/takticke-vojne-rukavice-glowesly\/","title":{"rendered":"Takti\u010dke vojne rukavice &#8211; Glowesly"},"content":{"rendered":"","protected":false},"excerpt":{"rendered":"<p>Savr\u0161ene Touch Screen vojne rukavice idealne za sve tipove sportova ili za razli\u010dite aktivnosti na otvorenom, bez ogrebotina, modrica ili promrzlina.<\/p>\n","protected":false},"featured_media":2308,"comment_status":"closed","ping_status":"closed","template":"","meta":{"inline_featured_image":false},"product_brand":[],"product_cat":[15],"product_tag":[],"class_list":{"0":"post-4962","1":"product","2":"type-product","3":"status-publish","4":"has-post-thumbnail","6":"product_cat-uncategorized","8":"first","9":"instock","10":"sale","11":"shipping-taxable","12":"purchasable","13":"product-type-simple"},"acf":[],"_links":{"self":[{"href":"https:\/\/non-stopshop.eu\/ba\/wp-json\/wp\/v2\/product\/4962","targetHints":{"allow":["GET"]}}],"collection":[{"href":"https:\/\/non-stopshop.eu\/ba\/wp-json\/wp\/v2\/product"}],"about":[{"href":"https:\/\/non-stopshop.eu\/ba\/wp-json\/wp\/v2\/types\/product"}],"replies":[{"embeddable":true,"href":"https:\/\/non-stopshop.eu\/ba\/wp-json\/wp\/v2\/comments?post=4962"}],"wp:featuredmedia":[{"embeddable":true,"href":"https:\/\/non-stopshop.eu\/ba\/wp-json\/wp\/v2\/media\/2308"}],"wp:attachment":[{"href":"https:\/\/non-stopshop.eu\/ba\/wp-json\/wp\/v2\/media?parent=4962"}],"wp:term":[{"taxonomy":"product_brand","embeddable":true,"href":"https:\/\/non-stopshop.eu\/ba\/wp-json\/wp\/v2\/product_brand?post=4962"},{"taxonomy":"product_cat","embeddable":true,"href":"https:\/\/non-stopshop.eu\/ba\/wp-json\/wp\/v2\/product_cat?post=4962"},{"taxonomy":"product_tag","embeddable":true,"href":"https:\/\/non-stopshop.eu\/ba\/wp-json\/wp\/v2\/product_tag?post=4962"}],"curies":[{"name":"wp","href":"https:\/\/api.w.org\/{rel}","templated":true}]}}