{"id":4964,"date":"2021-04-08T15:29:01","date_gmt":"2021-04-08T13:29:01","guid":{"rendered":"https:\/\/shopium.eu\/ba\/?post_type=product&#038;p=4964"},"modified":"2021-04-08T15:29:30","modified_gmt":"2021-04-08T13:29:30","slug":"vakuumski-cistac-uha-vacuumvax","status":"publish","type":"product","link":"https:\/\/non-stopshop.eu\/ba\/proizvod\/vakuumski-cistac-uha-vacuumvax\/","title":{"rendered":"Vakuumski \u010dista\u010d uha &#8211; VacuumVax"},"content":{"rendered":"","protected":false},"excerpt":{"rendered":"<p>Zaboravite na staromodno \u010di\u0161\u0107enje u\u0161iju sa opasnim \u0161tapi\u0107ima ili \u010deste posjete ljekaru sa ovim super mo\u0107nim vakuumskim \u010dista\u010dom u\u0161nog voska potpuno jednostavno i sigurno za sve generacije u samo nekoliko sekundi!<\/p>\n","protected":false},"featured_media":1070,"comment_status":"closed","ping_status":"closed","template":"","meta":{"inline_featured_image":false},"product_brand":[],"product_cat":[15],"product_tag":[],"class_list":{"0":"post-4964","1":"product","2":"type-product","3":"status-publish","4":"has-post-thumbnail","6":"product_cat-uncategorized","8":"first","9":"instock","10":"sale","11":"shipping-taxable","12":"purchasable","13":"product-type-simple"},"acf":[],"_links":{"self":[{"href":"https:\/\/non-stopshop.eu\/ba\/wp-json\/wp\/v2\/product\/4964","targetHints":{"allow":["GET"]}}],"collection":[{"href":"https:\/\/non-stopshop.eu\/ba\/wp-json\/wp\/v2\/product"}],"about":[{"href":"https:\/\/non-stopshop.eu\/ba\/wp-json\/wp\/v2\/types\/product"}],"replies":[{"embeddable":true,"href":"https:\/\/non-stopshop.eu\/ba\/wp-json\/wp\/v2\/comments?post=4964"}],"wp:featuredmedia":[{"embeddable":true,"href":"https:\/\/non-stopshop.eu\/ba\/wp-json\/wp\/v2\/media\/1070"}],"wp:attachment":[{"href":"https:\/\/non-stopshop.eu\/ba\/wp-json\/wp\/v2\/media?parent=4964"}],"wp:term":[{"taxonomy":"product_brand","embeddable":true,"href":"https:\/\/non-stopshop.eu\/ba\/wp-json\/wp\/v2\/product_brand?post=4964"},{"taxonomy":"product_cat","embeddable":true,"href":"https:\/\/non-stopshop.eu\/ba\/wp-json\/wp\/v2\/product_cat?post=4964"},{"taxonomy":"product_tag","embeddable":true,"href":"https:\/\/non-stopshop.eu\/ba\/wp-json\/wp\/v2\/product_tag?post=4964"}],"curies":[{"name":"wp","href":"https:\/\/api.w.org\/{rel}","templated":true}]}}