{"id":4965,"date":"2021-04-08T15:31:29","date_gmt":"2021-04-08T13:31:29","guid":{"rendered":"https:\/\/shopium.eu\/ba\/?post_type=product&#038;p=4965"},"modified":"2024-01-11T14:37:24","modified_gmt":"2024-01-11T13:37:24","slug":"11gratis-alat-za-brusenje-lanca-motorne-pile-sharpner","status":"publish","type":"product","link":"https:\/\/non-stopshop.eu\/ba\/proizvod\/11gratis-alat-za-brusenje-lanca-motorne-pile-sharpner\/","title":{"rendered":"1+1GRATIS Alat za bru\u0161enje lanca motorne pile &#8211; Sharpner"},"content":{"rendered":"","protected":false},"excerpt":{"rendered":"<p>Mo\u0107ni alat koji \u0107e vam osigurati uvijek savr\u0161eno o\u0161tre lance motorne pile, potpuno univerzalan i prakti\u010dan upotpunite svoju kolekciju alata i u\u0161tedite vrijeme i novac jo\u0161 danas!<\/p>\n","protected":false},"featured_media":2793,"comment_status":"closed","ping_status":"closed","template":"","meta":{"inline_featured_image":false},"product_brand":[],"product_cat":[15],"product_tag":[],"class_list":{"0":"post-4965","1":"product","2":"type-product","3":"status-publish","4":"has-post-thumbnail","6":"product_cat-uncategorized","8":"first","9":"instock","10":"sale","11":"shipping-taxable","12":"purchasable","13":"product-type-simple"},"acf":[],"_links":{"self":[{"href":"https:\/\/non-stopshop.eu\/ba\/wp-json\/wp\/v2\/product\/4965","targetHints":{"allow":["GET"]}}],"collection":[{"href":"https:\/\/non-stopshop.eu\/ba\/wp-json\/wp\/v2\/product"}],"about":[{"href":"https:\/\/non-stopshop.eu\/ba\/wp-json\/wp\/v2\/types\/product"}],"replies":[{"embeddable":true,"href":"https:\/\/non-stopshop.eu\/ba\/wp-json\/wp\/v2\/comments?post=4965"}],"wp:featuredmedia":[{"embeddable":true,"href":"https:\/\/non-stopshop.eu\/ba\/wp-json\/wp\/v2\/media\/2793"}],"wp:attachment":[{"href":"https:\/\/non-stopshop.eu\/ba\/wp-json\/wp\/v2\/media?parent=4965"}],"wp:term":[{"taxonomy":"product_brand","embeddable":true,"href":"https:\/\/non-stopshop.eu\/ba\/wp-json\/wp\/v2\/product_brand?post=4965"},{"taxonomy":"product_cat","embeddable":true,"href":"https:\/\/non-stopshop.eu\/ba\/wp-json\/wp\/v2\/product_cat?post=4965"},{"taxonomy":"product_tag","embeddable":true,"href":"https:\/\/non-stopshop.eu\/ba\/wp-json\/wp\/v2\/product_tag?post=4965"}],"curies":[{"name":"wp","href":"https:\/\/api.w.org\/{rel}","templated":true}]}}