{"id":4966,"date":"2021-04-08T15:35:23","date_gmt":"2021-04-08T13:35:23","guid":{"rendered":"https:\/\/shopium.eu\/ba\/?post_type=product&#038;p=4966"},"modified":"2021-04-08T15:35:44","modified_gmt":"2021-04-08T13:35:44","slug":"cikulari-za-busilicu-sharpcut","status":"publish","type":"product","link":"https:\/\/non-stopshop.eu\/ba\/proizvod\/cikulari-za-busilicu-sharpcut\/","title":{"rendered":"Cikulari za bu\u0161ilicu &#8211; SharpCut"},"content":{"rendered":"<p>Efikasani i super u\u010dinkoviti cikulari koji su univevrzalani za sve vrste bu\u0161ilica, olak\u0161a\u0107e vam znatno dnevne poslove oko rezanja razli\u010ditih tipova cijevi i drugih predmeta jednostavno i bez muke! U pakovanju dobijate <strong>6 KOMADA<\/strong> razli\u010ditih veli\u010dina!<\/p>\n","protected":false},"excerpt":{"rendered":"<div class=\"woocommerce-product-details__short-description\">\n<p class=\"description\">Efikasani i super u\u010dinkoviti cikulari koji su univevrzalani za sve vrste bu\u0161ilica, olak\u0161a\u0107e vam znatno dnevne poslove oko rezanja razli\u010ditih tipova cijevi i drugih predmeta jednostavno i bez muke! U pakovanju dobijate <strong>6 KOMADA<\/strong> razli\u010ditih veli\u010dina!<\/p>\n<\/div>\n","protected":false},"featured_media":356,"comment_status":"closed","ping_status":"closed","template":"","meta":{"inline_featured_image":false},"product_brand":[],"product_cat":[15],"product_tag":[],"class_list":{"0":"post-4966","1":"product","2":"type-product","3":"status-publish","4":"has-post-thumbnail","6":"product_cat-uncategorized","8":"first","9":"instock","10":"sale","11":"shipping-taxable","12":"purchasable","13":"product-type-simple"},"acf":[],"_links":{"self":[{"href":"https:\/\/non-stopshop.eu\/ba\/wp-json\/wp\/v2\/product\/4966","targetHints":{"allow":["GET"]}}],"collection":[{"href":"https:\/\/non-stopshop.eu\/ba\/wp-json\/wp\/v2\/product"}],"about":[{"href":"https:\/\/non-stopshop.eu\/ba\/wp-json\/wp\/v2\/types\/product"}],"replies":[{"embeddable":true,"href":"https:\/\/non-stopshop.eu\/ba\/wp-json\/wp\/v2\/comments?post=4966"}],"wp:featuredmedia":[{"embeddable":true,"href":"https:\/\/non-stopshop.eu\/ba\/wp-json\/wp\/v2\/media\/356"}],"wp:attachment":[{"href":"https:\/\/non-stopshop.eu\/ba\/wp-json\/wp\/v2\/media?parent=4966"}],"wp:term":[{"taxonomy":"product_brand","embeddable":true,"href":"https:\/\/non-stopshop.eu\/ba\/wp-json\/wp\/v2\/product_brand?post=4966"},{"taxonomy":"product_cat","embeddable":true,"href":"https:\/\/non-stopshop.eu\/ba\/wp-json\/wp\/v2\/product_cat?post=4966"},{"taxonomy":"product_tag","embeddable":true,"href":"https:\/\/non-stopshop.eu\/ba\/wp-json\/wp\/v2\/product_tag?post=4966"}],"curies":[{"name":"wp","href":"https:\/\/api.w.org\/{rel}","templated":true}]}}