{"id":4967,"date":"2021-04-08T15:37:46","date_gmt":"2021-04-08T13:37:46","guid":{"rendered":"https:\/\/shopium.eu\/ba\/?post_type=product&#038;p=4967"},"modified":"2021-10-06T15:34:48","modified_gmt":"2021-10-06T13:34:48","slug":"magnet-fishag","status":"publish","type":"product","link":"https:\/\/non-stopshop.eu\/ba\/proizvod\/magnet-fishag\/","title":{"rendered":"Magnet &#8211; Fishag"},"content":{"rendered":"","protected":false},"excerpt":{"rendered":"<p>Lagan i kompaktan napravljen od najkvalitetnijih metala \u010dini ovaj magnet revolucionarnim proizvodom i najboljim za pronalazak izgubljenih metalnih predmeta. Slu\u017ei i kao lov na blago u reci ili moru, nikad ne znate \u0161ta biste mogli da prona\u0111ete!<\/p>\n","protected":false},"featured_media":2763,"comment_status":"closed","ping_status":"closed","template":"","meta":{"inline_featured_image":false},"product_brand":[],"product_cat":[15],"product_tag":[],"class_list":{"0":"post-4967","1":"product","2":"type-product","3":"status-publish","4":"has-post-thumbnail","6":"product_cat-uncategorized","8":"first","9":"instock","10":"sale","11":"shipping-taxable","12":"purchasable","13":"product-type-simple"},"acf":[],"_links":{"self":[{"href":"https:\/\/non-stopshop.eu\/ba\/wp-json\/wp\/v2\/product\/4967","targetHints":{"allow":["GET"]}}],"collection":[{"href":"https:\/\/non-stopshop.eu\/ba\/wp-json\/wp\/v2\/product"}],"about":[{"href":"https:\/\/non-stopshop.eu\/ba\/wp-json\/wp\/v2\/types\/product"}],"replies":[{"embeddable":true,"href":"https:\/\/non-stopshop.eu\/ba\/wp-json\/wp\/v2\/comments?post=4967"}],"wp:featuredmedia":[{"embeddable":true,"href":"https:\/\/non-stopshop.eu\/ba\/wp-json\/wp\/v2\/media\/2763"}],"wp:attachment":[{"href":"https:\/\/non-stopshop.eu\/ba\/wp-json\/wp\/v2\/media?parent=4967"}],"wp:term":[{"taxonomy":"product_brand","embeddable":true,"href":"https:\/\/non-stopshop.eu\/ba\/wp-json\/wp\/v2\/product_brand?post=4967"},{"taxonomy":"product_cat","embeddable":true,"href":"https:\/\/non-stopshop.eu\/ba\/wp-json\/wp\/v2\/product_cat?post=4967"},{"taxonomy":"product_tag","embeddable":true,"href":"https:\/\/non-stopshop.eu\/ba\/wp-json\/wp\/v2\/product_tag?post=4967"}],"curies":[{"name":"wp","href":"https:\/\/api.w.org\/{rel}","templated":true}]}}