{"id":4969,"date":"2021-04-08T15:44:32","date_gmt":"2021-04-08T13:44:32","guid":{"rendered":"https:\/\/shopium.eu\/ba\/?post_type=product&#038;p=4969"},"modified":"2021-10-06T15:37:47","modified_gmt":"2021-10-06T13:37:47","slug":"profesionalni-prenosni-zatvarac-kesa-sealant","status":"publish","type":"product","link":"https:\/\/non-stopshop.eu\/ba\/proizvod\/profesionalni-prenosni-zatvarac-kesa-sealant\/","title":{"rendered":"Profesionalni prenosni zatvara\u010d kesa &#8211; Sealant"},"content":{"rendered":"","protected":false},"excerpt":{"rendered":"<p>Sa\u010duvajte kvalitet i svje\u017einu va\u0161ih namirnica sa ovim mini prenosnim toplotnim zatvara\u010dem kesa i sa\u010duvajte kvalitet i svje\u017einu va\u0161ih namirnica u potpunosti potpuno jednostavno uz maksimalnu u\u010dinkovitost.<\/p>\n","protected":false},"featured_media":326,"comment_status":"closed","ping_status":"closed","template":"","meta":{"inline_featured_image":false},"product_brand":[],"product_cat":[15],"product_tag":[],"class_list":{"0":"post-4969","1":"product","2":"type-product","3":"status-publish","4":"has-post-thumbnail","6":"product_cat-uncategorized","8":"first","9":"instock","10":"sale","11":"shipping-taxable","12":"purchasable","13":"product-type-simple"},"acf":[],"_links":{"self":[{"href":"https:\/\/non-stopshop.eu\/ba\/wp-json\/wp\/v2\/product\/4969","targetHints":{"allow":["GET"]}}],"collection":[{"href":"https:\/\/non-stopshop.eu\/ba\/wp-json\/wp\/v2\/product"}],"about":[{"href":"https:\/\/non-stopshop.eu\/ba\/wp-json\/wp\/v2\/types\/product"}],"replies":[{"embeddable":true,"href":"https:\/\/non-stopshop.eu\/ba\/wp-json\/wp\/v2\/comments?post=4969"}],"wp:featuredmedia":[{"embeddable":true,"href":"https:\/\/non-stopshop.eu\/ba\/wp-json\/wp\/v2\/media\/326"}],"wp:attachment":[{"href":"https:\/\/non-stopshop.eu\/ba\/wp-json\/wp\/v2\/media?parent=4969"}],"wp:term":[{"taxonomy":"product_brand","embeddable":true,"href":"https:\/\/non-stopshop.eu\/ba\/wp-json\/wp\/v2\/product_brand?post=4969"},{"taxonomy":"product_cat","embeddable":true,"href":"https:\/\/non-stopshop.eu\/ba\/wp-json\/wp\/v2\/product_cat?post=4969"},{"taxonomy":"product_tag","embeddable":true,"href":"https:\/\/non-stopshop.eu\/ba\/wp-json\/wp\/v2\/product_tag?post=4969"}],"curies":[{"name":"wp","href":"https:\/\/api.w.org\/{rel}","templated":true}]}}