{"id":5159,"date":"2021-04-12T11:37:54","date_gmt":"2021-04-12T09:37:54","guid":{"rendered":"https:\/\/shopium.eu\/ba\/?post_type=product&#038;p=5159"},"modified":"2024-01-11T14:15:57","modified_gmt":"2024-01-11T13:15:57","slug":"rezac-za-uglove-na-drvetu-miter","status":"publish","type":"product","link":"https:\/\/non-stopshop.eu\/ba\/proizvod\/rezac-za-uglove-na-drvetu-miter\/","title":{"rendered":"1+1 GRATIS Reza\u010d za uglove na drvetu &#8211; Miter"},"content":{"rendered":"","protected":false},"excerpt":{"rendered":"<p>Apsolutni hit u obradi drveta i pravljenja sna\u017enih spojeva pod uglom od 90 stepeni sa ovom univerzalnom glodalicom omogu\u0107i\u0107e vam jednostavnije i br\u017ee radove u va\u0161oj ku\u0107i ili radionici.<\/p>\n","protected":false},"featured_media":997,"comment_status":"closed","ping_status":"closed","template":"","meta":{"inline_featured_image":false},"product_brand":[],"product_cat":[15,27,24],"product_tag":[],"class_list":{"0":"post-5159","1":"product","2":"type-product","3":"status-publish","4":"has-post-thumbnail","6":"product_cat-uncategorized","7":"product_cat-home","8":"product_cat-sale","10":"first","11":"instock","12":"sale","13":"shipping-taxable","14":"purchasable","15":"product-type-simple"},"acf":[],"_links":{"self":[{"href":"https:\/\/non-stopshop.eu\/ba\/wp-json\/wp\/v2\/product\/5159","targetHints":{"allow":["GET"]}}],"collection":[{"href":"https:\/\/non-stopshop.eu\/ba\/wp-json\/wp\/v2\/product"}],"about":[{"href":"https:\/\/non-stopshop.eu\/ba\/wp-json\/wp\/v2\/types\/product"}],"replies":[{"embeddable":true,"href":"https:\/\/non-stopshop.eu\/ba\/wp-json\/wp\/v2\/comments?post=5159"}],"wp:featuredmedia":[{"embeddable":true,"href":"https:\/\/non-stopshop.eu\/ba\/wp-json\/wp\/v2\/media\/997"}],"wp:attachment":[{"href":"https:\/\/non-stopshop.eu\/ba\/wp-json\/wp\/v2\/media?parent=5159"}],"wp:term":[{"taxonomy":"product_brand","embeddable":true,"href":"https:\/\/non-stopshop.eu\/ba\/wp-json\/wp\/v2\/product_brand?post=5159"},{"taxonomy":"product_cat","embeddable":true,"href":"https:\/\/non-stopshop.eu\/ba\/wp-json\/wp\/v2\/product_cat?post=5159"},{"taxonomy":"product_tag","embeddable":true,"href":"https:\/\/non-stopshop.eu\/ba\/wp-json\/wp\/v2\/product_tag?post=5159"}],"curies":[{"name":"wp","href":"https:\/\/api.w.org\/{rel}","templated":true}]}}