{"id":6477,"date":"2021-10-07T11:36:48","date_gmt":"2021-10-07T09:36:48","guid":{"rendered":"https:\/\/cartium.eu\/ba\/?post_type=product&#038;p=6477"},"modified":"2021-12-03T14:37:36","modified_gmt":"2021-12-03T13:37:36","slug":"adapter-za-busilice-za-rezanje-metala-metalcutter","status":"publish","type":"product","link":"https:\/\/non-stopshop.eu\/ba\/proizvod\/adapter-za-busilice-za-rezanje-metala-metalcutter\/","title":{"rendered":"Adapter za bu\u0161ilice (za rezanje metala) &#8211; MetalCutter"},"content":{"rendered":"","protected":false},"excerpt":{"rendered":"<p>Najefikasniji univerzalni nastavak za bu\u0161ilice koji \u0107e vam olak\u0161ati poslove rezanja metalnih materijala.<\/p>\n","protected":false},"featured_media":6480,"comment_status":"closed","ping_status":"closed","template":"","meta":{"inline_featured_image":false},"product_brand":[],"product_cat":[15,25,27,36],"product_tag":[],"class_list":{"0":"post-6477","1":"product","2":"type-product","3":"status-publish","4":"has-post-thumbnail","6":"product_cat-uncategorized","7":"product_cat-car","8":"product_cat-home","9":"product_cat-seasonal-discounts","11":"first","12":"instock","13":"sale","14":"shipping-taxable","15":"purchasable","16":"product-type-simple"},"acf":[],"_links":{"self":[{"href":"https:\/\/non-stopshop.eu\/ba\/wp-json\/wp\/v2\/product\/6477","targetHints":{"allow":["GET"]}}],"collection":[{"href":"https:\/\/non-stopshop.eu\/ba\/wp-json\/wp\/v2\/product"}],"about":[{"href":"https:\/\/non-stopshop.eu\/ba\/wp-json\/wp\/v2\/types\/product"}],"replies":[{"embeddable":true,"href":"https:\/\/non-stopshop.eu\/ba\/wp-json\/wp\/v2\/comments?post=6477"}],"wp:featuredmedia":[{"embeddable":true,"href":"https:\/\/non-stopshop.eu\/ba\/wp-json\/wp\/v2\/media\/6480"}],"wp:attachment":[{"href":"https:\/\/non-stopshop.eu\/ba\/wp-json\/wp\/v2\/media?parent=6477"}],"wp:term":[{"taxonomy":"product_brand","embeddable":true,"href":"https:\/\/non-stopshop.eu\/ba\/wp-json\/wp\/v2\/product_brand?post=6477"},{"taxonomy":"product_cat","embeddable":true,"href":"https:\/\/non-stopshop.eu\/ba\/wp-json\/wp\/v2\/product_cat?post=6477"},{"taxonomy":"product_tag","embeddable":true,"href":"https:\/\/non-stopshop.eu\/ba\/wp-json\/wp\/v2\/product_tag?post=6477"}],"curies":[{"name":"wp","href":"https:\/\/api.w.org\/{rel}","templated":true}]}}