{"id":6501,"date":"2021-10-07T12:58:12","date_gmt":"2021-10-07T10:58:12","guid":{"rendered":"https:\/\/cartium.eu\/ba\/?post_type=product&#038;p=6501"},"modified":"2021-11-08T16:21:51","modified_gmt":"2021-11-08T15:21:51","slug":"univerzalni-nastavak-za-kljuceve-wrenchextension","status":"publish","type":"product","link":"https:\/\/non-stopshop.eu\/ba\/proizvod\/univerzalni-nastavak-za-kljuceve-wrenchextension\/","title":{"rendered":"Univerzalni nastavak za klju\u010deve &#8211; WrenchExtension"},"content":{"rendered":"","protected":false},"excerpt":{"rendered":"<p>WrenchExtension je nova generacija nastavka za sve klju\u010deve i bu\u0161ilice promjera od 0.3-9 mm sa kojim \u0107ete\u00a0 lako doprijeti do te\u0161ko dostupnih mjesta va\u0161eg automobila, ku\u0107anstva, i sli\u010dno.<\/p>\n","protected":false},"featured_media":6507,"comment_status":"closed","ping_status":"closed","template":"","meta":{"inline_featured_image":false},"product_brand":[],"product_cat":[15,25,27],"product_tag":[],"class_list":{"0":"post-6501","1":"product","2":"type-product","3":"status-publish","4":"has-post-thumbnail","6":"product_cat-uncategorized","7":"product_cat-car","8":"product_cat-home","10":"first","11":"instock","12":"sale","13":"shipping-taxable","14":"purchasable","15":"product-type-simple"},"acf":[],"_links":{"self":[{"href":"https:\/\/non-stopshop.eu\/ba\/wp-json\/wp\/v2\/product\/6501","targetHints":{"allow":["GET"]}}],"collection":[{"href":"https:\/\/non-stopshop.eu\/ba\/wp-json\/wp\/v2\/product"}],"about":[{"href":"https:\/\/non-stopshop.eu\/ba\/wp-json\/wp\/v2\/types\/product"}],"replies":[{"embeddable":true,"href":"https:\/\/non-stopshop.eu\/ba\/wp-json\/wp\/v2\/comments?post=6501"}],"wp:featuredmedia":[{"embeddable":true,"href":"https:\/\/non-stopshop.eu\/ba\/wp-json\/wp\/v2\/media\/6507"}],"wp:attachment":[{"href":"https:\/\/non-stopshop.eu\/ba\/wp-json\/wp\/v2\/media?parent=6501"}],"wp:term":[{"taxonomy":"product_brand","embeddable":true,"href":"https:\/\/non-stopshop.eu\/ba\/wp-json\/wp\/v2\/product_brand?post=6501"},{"taxonomy":"product_cat","embeddable":true,"href":"https:\/\/non-stopshop.eu\/ba\/wp-json\/wp\/v2\/product_cat?post=6501"},{"taxonomy":"product_tag","embeddable":true,"href":"https:\/\/non-stopshop.eu\/ba\/wp-json\/wp\/v2\/product_tag?post=6501"}],"curies":[{"name":"wp","href":"https:\/\/api.w.org\/{rel}","templated":true}]}}