{"id":6544,"date":"2021-11-08T10:14:55","date_gmt":"2021-11-08T09:14:55","guid":{"rendered":"https:\/\/non-stopshop.eu\/ba\/?post_type=product&#038;p=6544"},"modified":"2024-01-11T14:04:17","modified_gmt":"2024-01-11T13:04:17","slug":"solarna-lampa-lazna-nadzorna-kamera-solcam","status":"publish","type":"product","link":"https:\/\/non-stopshop.eu\/ba\/proizvod\/solarna-lampa-lazna-nadzorna-kamera-solcam\/","title":{"rendered":"Solarna lampa &#8211; la\u017ena nadzorna kamera &#8211; SolCam"},"content":{"rendered":"","protected":false},"excerpt":{"rendered":"<p>Revolucionaran proizvod koji \u0107e unijeti potrebnu sigurnost u za\u0161titi va\u0161e imovine, a radi se samo o LED lampi koja izgleda poput prave nadzorne kamere i ima \u010dak i PIR senzor pokreta!<\/p>\n","protected":false},"featured_media":6554,"comment_status":"closed","ping_status":"closed","template":"","meta":{"inline_featured_image":false},"product_brand":[],"product_cat":[15,25,27],"product_tag":[],"class_list":{"0":"post-6544","1":"product","2":"type-product","3":"status-publish","4":"has-post-thumbnail","6":"product_cat-uncategorized","7":"product_cat-car","8":"product_cat-home","10":"first","11":"instock","12":"sale","13":"shipping-taxable","14":"purchasable","15":"product-type-simple"},"acf":[],"_links":{"self":[{"href":"https:\/\/non-stopshop.eu\/ba\/wp-json\/wp\/v2\/product\/6544","targetHints":{"allow":["GET"]}}],"collection":[{"href":"https:\/\/non-stopshop.eu\/ba\/wp-json\/wp\/v2\/product"}],"about":[{"href":"https:\/\/non-stopshop.eu\/ba\/wp-json\/wp\/v2\/types\/product"}],"replies":[{"embeddable":true,"href":"https:\/\/non-stopshop.eu\/ba\/wp-json\/wp\/v2\/comments?post=6544"}],"wp:featuredmedia":[{"embeddable":true,"href":"https:\/\/non-stopshop.eu\/ba\/wp-json\/wp\/v2\/media\/6554"}],"wp:attachment":[{"href":"https:\/\/non-stopshop.eu\/ba\/wp-json\/wp\/v2\/media?parent=6544"}],"wp:term":[{"taxonomy":"product_brand","embeddable":true,"href":"https:\/\/non-stopshop.eu\/ba\/wp-json\/wp\/v2\/product_brand?post=6544"},{"taxonomy":"product_cat","embeddable":true,"href":"https:\/\/non-stopshop.eu\/ba\/wp-json\/wp\/v2\/product_cat?post=6544"},{"taxonomy":"product_tag","embeddable":true,"href":"https:\/\/non-stopshop.eu\/ba\/wp-json\/wp\/v2\/product_tag?post=6544"}],"curies":[{"name":"wp","href":"https:\/\/api.w.org\/{rel}","templated":true}]}}