{"id":6606,"date":"2021-11-08T11:36:46","date_gmt":"2021-11-08T10:36:46","guid":{"rendered":"https:\/\/non-stopshop.eu\/ba\/?post_type=product&#038;p=6606"},"modified":"2022-03-15T14:38:33","modified_gmt":"2022-03-15T13:38:33","slug":"vikinska-ruka-pomocni-alat-vikhand","status":"publish","type":"product","link":"https:\/\/non-stopshop.eu\/ba\/proizvod\/vikinska-ruka-pomocni-alat-vikhand\/","title":{"rendered":"Vikin\u0161ka ruka (pomo\u0107ni alat) &#8211; VikHand"},"content":{"rendered":"","protected":false},"excerpt":{"rendered":"<p>U\u0161tedite svoje dragocjeno vrijeme i novac i ne ula\u017eite nepotrebno napor u svakodnevnim majstorijama, uz pomo\u0107 ove prakti\u010dne i sna\u017ene alatke koja \u0107e vam biti od velike pomo\u0107i pri najrazli\u010ditijim poslovima.<\/p>\n","protected":false},"featured_media":6608,"comment_status":"closed","ping_status":"closed","template":"","meta":{"inline_featured_image":false},"product_brand":[],"product_cat":[15,27],"product_tag":[],"class_list":{"0":"post-6606","1":"product","2":"type-product","3":"status-publish","4":"has-post-thumbnail","6":"product_cat-uncategorized","7":"product_cat-home","9":"first","10":"instock","11":"sale","12":"shipping-taxable","13":"purchasable","14":"product-type-simple"},"acf":[],"_links":{"self":[{"href":"https:\/\/non-stopshop.eu\/ba\/wp-json\/wp\/v2\/product\/6606","targetHints":{"allow":["GET"]}}],"collection":[{"href":"https:\/\/non-stopshop.eu\/ba\/wp-json\/wp\/v2\/product"}],"about":[{"href":"https:\/\/non-stopshop.eu\/ba\/wp-json\/wp\/v2\/types\/product"}],"replies":[{"embeddable":true,"href":"https:\/\/non-stopshop.eu\/ba\/wp-json\/wp\/v2\/comments?post=6606"}],"wp:featuredmedia":[{"embeddable":true,"href":"https:\/\/non-stopshop.eu\/ba\/wp-json\/wp\/v2\/media\/6608"}],"wp:attachment":[{"href":"https:\/\/non-stopshop.eu\/ba\/wp-json\/wp\/v2\/media?parent=6606"}],"wp:term":[{"taxonomy":"product_brand","embeddable":true,"href":"https:\/\/non-stopshop.eu\/ba\/wp-json\/wp\/v2\/product_brand?post=6606"},{"taxonomy":"product_cat","embeddable":true,"href":"https:\/\/non-stopshop.eu\/ba\/wp-json\/wp\/v2\/product_cat?post=6606"},{"taxonomy":"product_tag","embeddable":true,"href":"https:\/\/non-stopshop.eu\/ba\/wp-json\/wp\/v2\/product_tag?post=6606"}],"curies":[{"name":"wp","href":"https:\/\/api.w.org\/{rel}","templated":true}]}}