{"id":6621,"date":"2021-11-08T12:03:36","date_gmt":"2021-11-08T11:03:36","guid":{"rendered":"https:\/\/non-stopshop.eu\/ba\/?post_type=product&#038;p=6621"},"modified":"2022-05-08T16:26:23","modified_gmt":"2022-05-08T14:26:23","slug":"multifunkcionalna-alatka-za-rezanje-gipsanih-ploca-caster","status":"publish","type":"product","link":"https:\/\/non-stopshop.eu\/ba\/proizvod\/multifunkcionalna-alatka-za-rezanje-gipsanih-ploca-caster\/","title":{"rendered":"Multifunkcionalna alatka za rezanje gipsanih plo\u010da &#8211; Caster"},"content":{"rendered":"","protected":false},"excerpt":{"rendered":"<p>Predstavljamo vam inovativni vi\u0161enamjenski reza\u010d koji slu\u017ei isklju\u010divo za precizno mjerenje i rezanje najrazli\u010ditijih vrsta materijala bilo da ste profesionalni majstor ili vam slu\u017ei u doma\u0107instvu.<\/p>\n","protected":false},"featured_media":6622,"comment_status":"closed","ping_status":"closed","template":"","meta":{"inline_featured_image":false},"product_brand":[],"product_cat":[15,27],"product_tag":[],"class_list":{"0":"post-6621","1":"product","2":"type-product","3":"status-publish","4":"has-post-thumbnail","6":"product_cat-uncategorized","7":"product_cat-home","9":"first","10":"instock","11":"sale","12":"shipping-taxable","13":"purchasable","14":"product-type-simple"},"acf":[],"_links":{"self":[{"href":"https:\/\/non-stopshop.eu\/ba\/wp-json\/wp\/v2\/product\/6621","targetHints":{"allow":["GET"]}}],"collection":[{"href":"https:\/\/non-stopshop.eu\/ba\/wp-json\/wp\/v2\/product"}],"about":[{"href":"https:\/\/non-stopshop.eu\/ba\/wp-json\/wp\/v2\/types\/product"}],"replies":[{"embeddable":true,"href":"https:\/\/non-stopshop.eu\/ba\/wp-json\/wp\/v2\/comments?post=6621"}],"wp:featuredmedia":[{"embeddable":true,"href":"https:\/\/non-stopshop.eu\/ba\/wp-json\/wp\/v2\/media\/6622"}],"wp:attachment":[{"href":"https:\/\/non-stopshop.eu\/ba\/wp-json\/wp\/v2\/media?parent=6621"}],"wp:term":[{"taxonomy":"product_brand","embeddable":true,"href":"https:\/\/non-stopshop.eu\/ba\/wp-json\/wp\/v2\/product_brand?post=6621"},{"taxonomy":"product_cat","embeddable":true,"href":"https:\/\/non-stopshop.eu\/ba\/wp-json\/wp\/v2\/product_cat?post=6621"},{"taxonomy":"product_tag","embeddable":true,"href":"https:\/\/non-stopshop.eu\/ba\/wp-json\/wp\/v2\/product_tag?post=6621"}],"curies":[{"name":"wp","href":"https:\/\/api.w.org\/{rel}","templated":true}]}}