{"id":6741,"date":"2021-12-10T23:02:57","date_gmt":"2021-12-10T22:02:57","guid":{"rendered":"https:\/\/non-stopshop.eu\/ba\/?post_type=product&#038;p=6741"},"modified":"2024-01-11T13:41:58","modified_gmt":"2024-01-11T12:41:58","slug":"led-svjetlosna-dekoracija-na-daljinsko-upravljanje-ledflash","status":"publish","type":"product","link":"https:\/\/non-stopshop.eu\/ba\/proizvod\/led-svjetlosna-dekoracija-na-daljinsko-upravljanje-ledflash\/","title":{"rendered":"Led svjetlosna dekoracija na daljinsko upravljanje &#8211; Ledflash"},"content":{"rendered":"","protected":false},"excerpt":{"rendered":"<p>Savr\u0161ena dekorativna led svjetla na daljinsko upravljanje putem pametnih telefona napravi\u0107e savr\u0161enu atmosferu u doba praznika, Nove godine i Bo\u017ei\u0107a, kvalitetna sa efefktom raznobojnih varijacija stvaraju nesvakida\u0161nju atmosferu i ugo\u0111aj.<\/p>\n","protected":false},"featured_media":11108,"comment_status":"closed","ping_status":"closed","template":"","meta":{"inline_featured_image":false},"product_brand":[],"product_cat":[15,27,36,35],"product_tag":[],"class_list":{"0":"post-6741","1":"product","2":"type-product","3":"status-publish","4":"has-post-thumbnail","6":"product_cat-uncategorized","7":"product_cat-home","8":"product_cat-seasonal-discounts","9":"product_cat-fun","11":"first","12":"instock","13":"sale","14":"shipping-taxable","15":"purchasable","16":"product-type-simple"},"acf":[],"_links":{"self":[{"href":"https:\/\/non-stopshop.eu\/ba\/wp-json\/wp\/v2\/product\/6741","targetHints":{"allow":["GET"]}}],"collection":[{"href":"https:\/\/non-stopshop.eu\/ba\/wp-json\/wp\/v2\/product"}],"about":[{"href":"https:\/\/non-stopshop.eu\/ba\/wp-json\/wp\/v2\/types\/product"}],"replies":[{"embeddable":true,"href":"https:\/\/non-stopshop.eu\/ba\/wp-json\/wp\/v2\/comments?post=6741"}],"wp:featuredmedia":[{"embeddable":true,"href":"https:\/\/non-stopshop.eu\/ba\/wp-json\/wp\/v2\/media\/11108"}],"wp:attachment":[{"href":"https:\/\/non-stopshop.eu\/ba\/wp-json\/wp\/v2\/media?parent=6741"}],"wp:term":[{"taxonomy":"product_brand","embeddable":true,"href":"https:\/\/non-stopshop.eu\/ba\/wp-json\/wp\/v2\/product_brand?post=6741"},{"taxonomy":"product_cat","embeddable":true,"href":"https:\/\/non-stopshop.eu\/ba\/wp-json\/wp\/v2\/product_cat?post=6741"},{"taxonomy":"product_tag","embeddable":true,"href":"https:\/\/non-stopshop.eu\/ba\/wp-json\/wp\/v2\/product_tag?post=6741"}],"curies":[{"name":"wp","href":"https:\/\/api.w.org\/{rel}","templated":true}]}}