{"id":6949,"date":"2022-03-21T13:50:00","date_gmt":"2022-03-21T12:50:00","guid":{"rendered":"https:\/\/non-stopshop.eu\/ba\/?post_type=product&#038;p=6949"},"modified":"2024-01-11T13:34:55","modified_gmt":"2024-01-11T12:34:55","slug":"neklizajuca-multifunkcionalna-podloga-za-telefon-multicar","status":"publish","type":"product","link":"https:\/\/non-stopshop.eu\/ba\/proizvod\/neklizajuca-multifunkcionalna-podloga-za-telefon-multicar\/","title":{"rendered":"Neklizajuc\u0301a multifunkcionalna podloga za telefon &#8211; MultiCar"},"content":{"rendered":"","protected":false},"excerpt":{"rendered":"<p>Multifunkcionalna neklizaju\u0107a podloga koja se stavlja na tablu u automobilu sa ugra\u0111enim dr\u017ea\u010dem za telefon i aromaterapijom za svaku vrstu vozila.<\/p>\n","protected":false},"featured_media":6956,"comment_status":"closed","ping_status":"closed","template":"","meta":{"inline_featured_image":false},"product_brand":[],"product_cat":[15,25,27,36],"product_tag":[],"class_list":{"0":"post-6949","1":"product","2":"type-product","3":"status-publish","4":"has-post-thumbnail","6":"product_cat-uncategorized","7":"product_cat-car","8":"product_cat-home","9":"product_cat-seasonal-discounts","11":"first","12":"instock","13":"sale","14":"shipping-taxable","15":"purchasable","16":"product-type-simple"},"acf":[],"_links":{"self":[{"href":"https:\/\/non-stopshop.eu\/ba\/wp-json\/wp\/v2\/product\/6949","targetHints":{"allow":["GET"]}}],"collection":[{"href":"https:\/\/non-stopshop.eu\/ba\/wp-json\/wp\/v2\/product"}],"about":[{"href":"https:\/\/non-stopshop.eu\/ba\/wp-json\/wp\/v2\/types\/product"}],"replies":[{"embeddable":true,"href":"https:\/\/non-stopshop.eu\/ba\/wp-json\/wp\/v2\/comments?post=6949"}],"wp:featuredmedia":[{"embeddable":true,"href":"https:\/\/non-stopshop.eu\/ba\/wp-json\/wp\/v2\/media\/6956"}],"wp:attachment":[{"href":"https:\/\/non-stopshop.eu\/ba\/wp-json\/wp\/v2\/media?parent=6949"}],"wp:term":[{"taxonomy":"product_brand","embeddable":true,"href":"https:\/\/non-stopshop.eu\/ba\/wp-json\/wp\/v2\/product_brand?post=6949"},{"taxonomy":"product_cat","embeddable":true,"href":"https:\/\/non-stopshop.eu\/ba\/wp-json\/wp\/v2\/product_cat?post=6949"},{"taxonomy":"product_tag","embeddable":true,"href":"https:\/\/non-stopshop.eu\/ba\/wp-json\/wp\/v2\/product_tag?post=6949"}],"curies":[{"name":"wp","href":"https:\/\/api.w.org\/{rel}","templated":true}]}}