{"id":7156,"date":"2022-05-25T13:44:31","date_gmt":"2022-05-25T11:44:31","guid":{"rendered":"https:\/\/non-stopshop.eu\/ba\/?post_type=product&#038;p=7156"},"modified":"2022-06-07T17:27:47","modified_gmt":"2022-06-07T15:27:47","slug":"samoljepljive-trepavice-za-visekratnu-upotrebu-reuselash","status":"publish","type":"product","link":"https:\/\/non-stopshop.eu\/ba\/proizvod\/samoljepljive-trepavice-za-visekratnu-upotrebu-reuselash\/","title":{"rendered":"Samoljepljive trepavice za vi\u0161ekratnu upotrebu &#8211; Reuselash"},"content":{"rendered":"","protected":false},"excerpt":{"rendered":"<p>Isprobajte na\u0161e samoljepljive trepavice za vi\u0161ekratnu upotrebu, koje se lako i brzo nanose, \u0161to znatno olak\u0161ava nano\u0161enje \u0161minke.\u00a0Prirodne su poput va\u0161ih vlastitih trepavica i mogu se ponovno koristiti.<\/p>\n","protected":false},"featured_media":7162,"comment_status":"closed","ping_status":"closed","template":"","meta":{"inline_featured_image":false},"product_brand":[],"product_cat":[15,28,36,35],"product_tag":[],"class_list":{"0":"post-7156","1":"product","2":"type-product","3":"status-publish","4":"has-post-thumbnail","6":"product_cat-uncategorized","7":"product_cat-beauty","8":"product_cat-seasonal-discounts","9":"product_cat-fun","11":"first","12":"instock","13":"sale","14":"shipping-taxable","15":"purchasable","16":"product-type-simple"},"acf":[],"_links":{"self":[{"href":"https:\/\/non-stopshop.eu\/ba\/wp-json\/wp\/v2\/product\/7156","targetHints":{"allow":["GET"]}}],"collection":[{"href":"https:\/\/non-stopshop.eu\/ba\/wp-json\/wp\/v2\/product"}],"about":[{"href":"https:\/\/non-stopshop.eu\/ba\/wp-json\/wp\/v2\/types\/product"}],"replies":[{"embeddable":true,"href":"https:\/\/non-stopshop.eu\/ba\/wp-json\/wp\/v2\/comments?post=7156"}],"wp:featuredmedia":[{"embeddable":true,"href":"https:\/\/non-stopshop.eu\/ba\/wp-json\/wp\/v2\/media\/7162"}],"wp:attachment":[{"href":"https:\/\/non-stopshop.eu\/ba\/wp-json\/wp\/v2\/media?parent=7156"}],"wp:term":[{"taxonomy":"product_brand","embeddable":true,"href":"https:\/\/non-stopshop.eu\/ba\/wp-json\/wp\/v2\/product_brand?post=7156"},{"taxonomy":"product_cat","embeddable":true,"href":"https:\/\/non-stopshop.eu\/ba\/wp-json\/wp\/v2\/product_cat?post=7156"},{"taxonomy":"product_tag","embeddable":true,"href":"https:\/\/non-stopshop.eu\/ba\/wp-json\/wp\/v2\/product_tag?post=7156"}],"curies":[{"name":"wp","href":"https:\/\/api.w.org\/{rel}","templated":true}]}}