{"id":7189,"date":"2022-05-25T15:17:48","date_gmt":"2022-05-25T13:17:48","guid":{"rendered":"https:\/\/non-stopshop.eu\/ba\/?post_type=product&#038;p=7189"},"modified":"2023-11-16T09:31:47","modified_gmt":"2023-11-16T08:31:47","slug":"zracni-pojas-za-zatezanje-lica-lifty","status":"publish","type":"product","link":"https:\/\/non-stopshop.eu\/ba\/proizvod\/zracni-pojas-za-zatezanje-lica-lifty\/","title":{"rendered":"Zra\u010dni pojas za zatezanje lica &#8211; Lifty"},"content":{"rendered":"","protected":false},"excerpt":{"rendered":"<p>Lifty za lice efikasno i potpuno podi\u017ee mi\u0161i\u0107e usana, lica i vrata bez ikakvih skupih tretmana i botoksa. Izgledajte mla\u0111e i sre\u0107nije uz ovaj jedinstveni proizvod!<\/p>\n","protected":false},"featured_media":7199,"comment_status":"closed","ping_status":"closed","template":"","meta":{"inline_featured_image":false},"product_brand":[],"product_cat":[15,28,26],"product_tag":[],"class_list":{"0":"post-7189","1":"product","2":"type-product","3":"status-publish","4":"has-post-thumbnail","6":"product_cat-uncategorized","7":"product_cat-beauty","8":"product_cat-health","10":"first","11":"instock","12":"sale","13":"shipping-taxable","14":"purchasable","15":"product-type-simple"},"acf":[],"_links":{"self":[{"href":"https:\/\/non-stopshop.eu\/ba\/wp-json\/wp\/v2\/product\/7189","targetHints":{"allow":["GET"]}}],"collection":[{"href":"https:\/\/non-stopshop.eu\/ba\/wp-json\/wp\/v2\/product"}],"about":[{"href":"https:\/\/non-stopshop.eu\/ba\/wp-json\/wp\/v2\/types\/product"}],"replies":[{"embeddable":true,"href":"https:\/\/non-stopshop.eu\/ba\/wp-json\/wp\/v2\/comments?post=7189"}],"wp:featuredmedia":[{"embeddable":true,"href":"https:\/\/non-stopshop.eu\/ba\/wp-json\/wp\/v2\/media\/7199"}],"wp:attachment":[{"href":"https:\/\/non-stopshop.eu\/ba\/wp-json\/wp\/v2\/media?parent=7189"}],"wp:term":[{"taxonomy":"product_brand","embeddable":true,"href":"https:\/\/non-stopshop.eu\/ba\/wp-json\/wp\/v2\/product_brand?post=7189"},{"taxonomy":"product_cat","embeddable":true,"href":"https:\/\/non-stopshop.eu\/ba\/wp-json\/wp\/v2\/product_cat?post=7189"},{"taxonomy":"product_tag","embeddable":true,"href":"https:\/\/non-stopshop.eu\/ba\/wp-json\/wp\/v2\/product_tag?post=7189"}],"curies":[{"name":"wp","href":"https:\/\/api.w.org\/{rel}","templated":true}]}}