{"id":738,"date":"2020-12-31T09:46:39","date_gmt":"2020-12-31T08:46:39","guid":{"rendered":"https:\/\/shopium.eu\/ba\/?post_type=product&#038;p=738"},"modified":"2021-01-05T13:20:30","modified_gmt":"2021-01-05T12:20:30","slug":"earpick","status":"publish","type":"product","link":"https:\/\/non-stopshop.eu\/ba\/proizvod\/earpick\/","title":{"rendered":"2u1 masa\u017eer i \u010dista\u010d uha \u2013 EarPick"},"content":{"rendered":"<p>Uz ovaj dvostrani silikonski \u010dista\u010d uha omogu\u0107ite si kompletnu higijenu u\u0161ne \u0161koljke, savr\u0161en sluh te minimalnu mogu\u0107nost povreda uz maksimalnu ekolo\u0161ku prihvatljivost nego sa klasi\u010dnim i staromodnim na\u010dinom \u010di\u0161\u0107enja uha.<\/p>\n","protected":false},"excerpt":{"rendered":"<p>Uz ovaj dvostrani silikonski \u010dista\u010d uha omogu\u0107ite si kompletnu higijenu u\u0161ne \u0161koljke, savr\u0161en sluh te minimalnu mogu\u0107nost povreda uz maksimalnu ekolo\u0161ku prihvatljivost nego sa klasi\u010dnim na\u010dinom \u010di\u0161\u0107enja uha.<\/p>\n","protected":false},"featured_media":742,"comment_status":"closed","ping_status":"closed","template":"","meta":{"inline_featured_image":false},"product_brand":[],"product_cat":[15],"product_tag":[],"class_list":{"0":"post-738","1":"product","2":"type-product","3":"status-publish","4":"has-post-thumbnail","6":"product_cat-uncategorized","8":"first","9":"instock","10":"sale","11":"shipping-taxable","12":"purchasable","13":"product-type-simple"},"acf":[],"_links":{"self":[{"href":"https:\/\/non-stopshop.eu\/ba\/wp-json\/wp\/v2\/product\/738","targetHints":{"allow":["GET"]}}],"collection":[{"href":"https:\/\/non-stopshop.eu\/ba\/wp-json\/wp\/v2\/product"}],"about":[{"href":"https:\/\/non-stopshop.eu\/ba\/wp-json\/wp\/v2\/types\/product"}],"replies":[{"embeddable":true,"href":"https:\/\/non-stopshop.eu\/ba\/wp-json\/wp\/v2\/comments?post=738"}],"wp:featuredmedia":[{"embeddable":true,"href":"https:\/\/non-stopshop.eu\/ba\/wp-json\/wp\/v2\/media\/742"}],"wp:attachment":[{"href":"https:\/\/non-stopshop.eu\/ba\/wp-json\/wp\/v2\/media?parent=738"}],"wp:term":[{"taxonomy":"product_brand","embeddable":true,"href":"https:\/\/non-stopshop.eu\/ba\/wp-json\/wp\/v2\/product_brand?post=738"},{"taxonomy":"product_cat","embeddable":true,"href":"https:\/\/non-stopshop.eu\/ba\/wp-json\/wp\/v2\/product_cat?post=738"},{"taxonomy":"product_tag","embeddable":true,"href":"https:\/\/non-stopshop.eu\/ba\/wp-json\/wp\/v2\/product_tag?post=738"}],"curies":[{"name":"wp","href":"https:\/\/api.w.org\/{rel}","templated":true}]}}