{"id":747,"date":"2021-01-03T10:51:29","date_gmt":"2021-01-03T09:51:29","guid":{"rendered":"https:\/\/shopium.eu\/ba\/?post_type=product&#038;p=747"},"modified":"2021-01-05T13:20:15","modified_gmt":"2021-01-05T12:20:15","slug":"filingpen","status":"publish","type":"product","link":"https:\/\/non-stopshop.eu\/ba\/proizvod\/filingpen\/","title":{"rendered":"Naliv pero sa dispenzerom &#8211; FilingPen"},"content":{"rendered":"","protected":false},"excerpt":{"rendered":"<ul>\n<li>Sjajan set naliv pero i dispenser unutar kojeg se nalazi ure\u0111aj sa tintom za automatsko punjenje, a samim tim u\u0161tedu novca i vremena.<\/li>\n<li>Upotreba naliv pera je preporu\u010dljiva za profesionalno crtanje, pisanje, u kancelarijskim poslovima, za u\u010denje lijepog pisanja u \u0161kolama i sl.<\/li>\n<li>Ovaj prekrasan set se dobije u prakti\u010dnom pakovanju poklon kutije \u0161to je idealno ukoliko ga poklanjate nekom.<\/li>\n<\/ul>\n","protected":false},"featured_media":752,"comment_status":"closed","ping_status":"closed","template":"","meta":{"inline_featured_image":false},"product_brand":[],"product_cat":[15],"product_tag":[],"class_list":{"0":"post-747","1":"product","2":"type-product","3":"status-publish","4":"has-post-thumbnail","6":"product_cat-uncategorized","8":"first","9":"instock","10":"sale","11":"shipping-taxable","12":"purchasable","13":"product-type-simple"},"acf":[],"_links":{"self":[{"href":"https:\/\/non-stopshop.eu\/ba\/wp-json\/wp\/v2\/product\/747","targetHints":{"allow":["GET"]}}],"collection":[{"href":"https:\/\/non-stopshop.eu\/ba\/wp-json\/wp\/v2\/product"}],"about":[{"href":"https:\/\/non-stopshop.eu\/ba\/wp-json\/wp\/v2\/types\/product"}],"replies":[{"embeddable":true,"href":"https:\/\/non-stopshop.eu\/ba\/wp-json\/wp\/v2\/comments?post=747"}],"wp:featuredmedia":[{"embeddable":true,"href":"https:\/\/non-stopshop.eu\/ba\/wp-json\/wp\/v2\/media\/752"}],"wp:attachment":[{"href":"https:\/\/non-stopshop.eu\/ba\/wp-json\/wp\/v2\/media?parent=747"}],"wp:term":[{"taxonomy":"product_brand","embeddable":true,"href":"https:\/\/non-stopshop.eu\/ba\/wp-json\/wp\/v2\/product_brand?post=747"},{"taxonomy":"product_cat","embeddable":true,"href":"https:\/\/non-stopshop.eu\/ba\/wp-json\/wp\/v2\/product_cat?post=747"},{"taxonomy":"product_tag","embeddable":true,"href":"https:\/\/non-stopshop.eu\/ba\/wp-json\/wp\/v2\/product_tag?post=747"}],"curies":[{"name":"wp","href":"https:\/\/api.w.org\/{rel}","templated":true}]}}