{"id":760,"date":"2021-01-03T11:07:54","date_gmt":"2021-01-03T10:07:54","guid":{"rendered":"https:\/\/shopium.eu\/ba\/?post_type=product&#038;p=760"},"modified":"2021-01-05T13:19:57","modified_gmt":"2021-01-05T12:19:57","slug":"holeopener","status":"publish","type":"product","link":"https:\/\/non-stopshop.eu\/ba\/proizvod\/holeopener\/","title":{"rendered":"Nastavci za bu\u0161enje rupa u podovima &#8211; HoleOpener"},"content":{"rendered":"","protected":false},"excerpt":{"rendered":"<ul>\n<li>Precizno izbu\u0161ite rupe na \u017eeljenim povr\u0161inama poput drveta ili plastike u \u010dak 13 razli\u010ditih varijanti tj. veli\u010dina po va\u0161oj \u017eelji uz pomo\u0107 ovih sjajnih nastavaka.<\/li>\n<li>Zahvaljuju\u0107i \u010deli\u010dnim zubima na ovim prakti\u010dnim nastavcima koji su velike brzine i glatkih reznih rubovima, ove rupne pile mogu rezati\u00a0visokom precizno\u0161\u0107u i stvoriti super \u010diste rezove.<\/li>\n<li>Odli\u010dan set za hobby radionice!<\/li>\n<\/ul>\n","protected":false},"featured_media":768,"comment_status":"closed","ping_status":"closed","template":"","meta":{"inline_featured_image":false},"product_brand":[],"product_cat":[15],"product_tag":[],"class_list":{"0":"post-760","1":"product","2":"type-product","3":"status-publish","4":"has-post-thumbnail","6":"product_cat-uncategorized","8":"first","9":"instock","10":"sale","11":"shipping-taxable","12":"purchasable","13":"product-type-simple"},"acf":[],"_links":{"self":[{"href":"https:\/\/non-stopshop.eu\/ba\/wp-json\/wp\/v2\/product\/760","targetHints":{"allow":["GET"]}}],"collection":[{"href":"https:\/\/non-stopshop.eu\/ba\/wp-json\/wp\/v2\/product"}],"about":[{"href":"https:\/\/non-stopshop.eu\/ba\/wp-json\/wp\/v2\/types\/product"}],"replies":[{"embeddable":true,"href":"https:\/\/non-stopshop.eu\/ba\/wp-json\/wp\/v2\/comments?post=760"}],"wp:featuredmedia":[{"embeddable":true,"href":"https:\/\/non-stopshop.eu\/ba\/wp-json\/wp\/v2\/media\/768"}],"wp:attachment":[{"href":"https:\/\/non-stopshop.eu\/ba\/wp-json\/wp\/v2\/media?parent=760"}],"wp:term":[{"taxonomy":"product_brand","embeddable":true,"href":"https:\/\/non-stopshop.eu\/ba\/wp-json\/wp\/v2\/product_brand?post=760"},{"taxonomy":"product_cat","embeddable":true,"href":"https:\/\/non-stopshop.eu\/ba\/wp-json\/wp\/v2\/product_cat?post=760"},{"taxonomy":"product_tag","embeddable":true,"href":"https:\/\/non-stopshop.eu\/ba\/wp-json\/wp\/v2\/product_tag?post=760"}],"curies":[{"name":"wp","href":"https:\/\/api.w.org\/{rel}","templated":true}]}}