{"id":775,"date":"2021-01-03T11:28:21","date_gmt":"2021-01-03T10:28:21","guid":{"rendered":"https:\/\/shopium.eu\/ba\/?post_type=product&#038;p=775"},"modified":"2021-01-05T13:19:12","modified_gmt":"2021-01-05T12:19:12","slug":"elitetrainer","status":"publish","type":"product","link":"https:\/\/non-stopshop.eu\/ba\/proizvod\/elitetrainer\/","title":{"rendered":"Ku\u0107ni fitnes trena\u017eer &#8211; EliteTrainer"},"content":{"rendered":"","protected":false},"excerpt":{"rendered":"<ul>\n<li>Promaknite pozitivne fizi\u010dke sposobnosti kao \u0161to su borila\u010dke vje\u0161tine bilo da ste potpuni amater ili profesionalni sportista, vje\u017ebaju\u0107i sa ovom super podesivom spravom u toplini svog doma.<\/li>\n<li>Sprava je osmi\u0161ljena od strane biomehani\u010dkih doktora stru\u010dnjaka tako da ciljano uti\u010de na brzinu pokreta i ja\u010danju snage i gornjeg i donjeg dijela tijela.<\/li>\n<li>Ovakav trena\u017eer je veoma po\u017eeljan za sportiste profesionalce u fazi pripremnog perioda za takmi\u010denje, ali \u0107e biti izuzetan i za amatere u ku\u0107noj varijanti.<\/li>\n<\/ul>\n","protected":false},"featured_media":779,"comment_status":"closed","ping_status":"closed","template":"","meta":{"inline_featured_image":false},"product_brand":[],"product_cat":[15],"product_tag":[],"class_list":{"0":"post-775","1":"product","2":"type-product","3":"status-publish","4":"has-post-thumbnail","6":"product_cat-uncategorized","8":"first","9":"instock","10":"sale","11":"shipping-taxable","12":"purchasable","13":"product-type-simple"},"acf":[],"_links":{"self":[{"href":"https:\/\/non-stopshop.eu\/ba\/wp-json\/wp\/v2\/product\/775","targetHints":{"allow":["GET"]}}],"collection":[{"href":"https:\/\/non-stopshop.eu\/ba\/wp-json\/wp\/v2\/product"}],"about":[{"href":"https:\/\/non-stopshop.eu\/ba\/wp-json\/wp\/v2\/types\/product"}],"replies":[{"embeddable":true,"href":"https:\/\/non-stopshop.eu\/ba\/wp-json\/wp\/v2\/comments?post=775"}],"wp:featuredmedia":[{"embeddable":true,"href":"https:\/\/non-stopshop.eu\/ba\/wp-json\/wp\/v2\/media\/779"}],"wp:attachment":[{"href":"https:\/\/non-stopshop.eu\/ba\/wp-json\/wp\/v2\/media?parent=775"}],"wp:term":[{"taxonomy":"product_brand","embeddable":true,"href":"https:\/\/non-stopshop.eu\/ba\/wp-json\/wp\/v2\/product_brand?post=775"},{"taxonomy":"product_cat","embeddable":true,"href":"https:\/\/non-stopshop.eu\/ba\/wp-json\/wp\/v2\/product_cat?post=775"},{"taxonomy":"product_tag","embeddable":true,"href":"https:\/\/non-stopshop.eu\/ba\/wp-json\/wp\/v2\/product_tag?post=775"}],"curies":[{"name":"wp","href":"https:\/\/api.w.org\/{rel}","templated":true}]}}