{"id":784,"date":"2021-01-03T11:43:07","date_gmt":"2021-01-03T10:43:07","guid":{"rendered":"https:\/\/shopium.eu\/ba\/?post_type=product&#038;p=784"},"modified":"2021-01-05T13:18:56","modified_gmt":"2021-01-05T12:18:56","slug":"adjustedlunches","status":"publish","type":"product","link":"https:\/\/non-stopshop.eu\/ba\/proizvod\/adjustedlunches\/","title":{"rendered":"Podesive ru\u010dke za sklekove &#8211; AdjustedLunches"},"content":{"rendered":"","protected":false},"excerpt":{"rendered":"<ul>\n<li>Pravilno izvodite vje\u017ebe za gornji dio tijela, ispravite nepravilno dr\u017eanje, oja\u010dajte muskulaturu i oblikujte tijelo sa ovim super stabilnim ru\u010dkama i podesivom tablom na kojoj \u0107ete birati koju grupu mi\u0161i\u0107a \u017eelite da vje\u017ebate.<\/li>\n<li>Ova sprava je namijenjena za amatere, za ku\u0107nu upotrebu, ali je dovoljno izdr\u017eljiva i sna\u017ena i za profesionalne sportiste.<\/li>\n<li>Postignite zavidne rezultate uz pravu opremu<\/li>\n<\/ul>\n","protected":false},"featured_media":791,"comment_status":"closed","ping_status":"closed","template":"","meta":{"inline_featured_image":false},"product_brand":[],"product_cat":[15],"product_tag":[],"class_list":{"0":"post-784","1":"product","2":"type-product","3":"status-publish","4":"has-post-thumbnail","6":"product_cat-uncategorized","8":"first","9":"instock","10":"sale","11":"shipping-taxable","12":"purchasable","13":"product-type-simple"},"acf":[],"_links":{"self":[{"href":"https:\/\/non-stopshop.eu\/ba\/wp-json\/wp\/v2\/product\/784","targetHints":{"allow":["GET"]}}],"collection":[{"href":"https:\/\/non-stopshop.eu\/ba\/wp-json\/wp\/v2\/product"}],"about":[{"href":"https:\/\/non-stopshop.eu\/ba\/wp-json\/wp\/v2\/types\/product"}],"replies":[{"embeddable":true,"href":"https:\/\/non-stopshop.eu\/ba\/wp-json\/wp\/v2\/comments?post=784"}],"wp:featuredmedia":[{"embeddable":true,"href":"https:\/\/non-stopshop.eu\/ba\/wp-json\/wp\/v2\/media\/791"}],"wp:attachment":[{"href":"https:\/\/non-stopshop.eu\/ba\/wp-json\/wp\/v2\/media?parent=784"}],"wp:term":[{"taxonomy":"product_brand","embeddable":true,"href":"https:\/\/non-stopshop.eu\/ba\/wp-json\/wp\/v2\/product_brand?post=784"},{"taxonomy":"product_cat","embeddable":true,"href":"https:\/\/non-stopshop.eu\/ba\/wp-json\/wp\/v2\/product_cat?post=784"},{"taxonomy":"product_tag","embeddable":true,"href":"https:\/\/non-stopshop.eu\/ba\/wp-json\/wp\/v2\/product_tag?post=784"}],"curies":[{"name":"wp","href":"https:\/\/api.w.org\/{rel}","templated":true}]}}