{"id":786,"date":"2021-01-03T11:49:57","date_gmt":"2021-01-03T10:49:57","guid":{"rendered":"https:\/\/shopium.eu\/ba\/?post_type=product&#038;p=786"},"modified":"2021-01-05T13:18:35","modified_gmt":"2021-01-05T12:18:35","slug":"bodytrainer","status":"publish","type":"product","link":"https:\/\/non-stopshop.eu\/ba\/proizvod\/bodytrainer\/","title":{"rendered":"Sprava za vje\u017ebanje cijelog tijela &#8211; BodyTrainer"},"content":{"rendered":"","protected":false},"excerpt":{"rendered":"<ul>\n<li>Savr\u0161ena sprava poput ove je sve \u0161to vam je potrebno za postizanje zavidne linije i top forme u toplini svog doma za veoma kratak vremenski period.<\/li>\n<li>Trenirajte sve grupe mi\u0161i\u0107a sa ovom super spravom.<\/li>\n<li>Ova super sprava je izra\u0111ena tako da vje\u017ebanjem pomo\u0107u iste. mo\u017eete da pogodite sve \u017eeljene mi\u0161i\u0107ne grupe i time se fokusirate na problemati\u010dna mjesta.<\/li>\n<\/ul>\n","protected":false},"featured_media":802,"comment_status":"closed","ping_status":"closed","template":"","meta":{"inline_featured_image":false},"product_brand":[],"product_cat":[15],"product_tag":[],"class_list":{"0":"post-786","1":"product","2":"type-product","3":"status-publish","4":"has-post-thumbnail","6":"product_cat-uncategorized","8":"first","9":"instock","10":"sale","11":"shipping-taxable","12":"purchasable","13":"product-type-simple"},"acf":[],"_links":{"self":[{"href":"https:\/\/non-stopshop.eu\/ba\/wp-json\/wp\/v2\/product\/786","targetHints":{"allow":["GET"]}}],"collection":[{"href":"https:\/\/non-stopshop.eu\/ba\/wp-json\/wp\/v2\/product"}],"about":[{"href":"https:\/\/non-stopshop.eu\/ba\/wp-json\/wp\/v2\/types\/product"}],"replies":[{"embeddable":true,"href":"https:\/\/non-stopshop.eu\/ba\/wp-json\/wp\/v2\/comments?post=786"}],"wp:featuredmedia":[{"embeddable":true,"href":"https:\/\/non-stopshop.eu\/ba\/wp-json\/wp\/v2\/media\/802"}],"wp:attachment":[{"href":"https:\/\/non-stopshop.eu\/ba\/wp-json\/wp\/v2\/media?parent=786"}],"wp:term":[{"taxonomy":"product_brand","embeddable":true,"href":"https:\/\/non-stopshop.eu\/ba\/wp-json\/wp\/v2\/product_brand?post=786"},{"taxonomy":"product_cat","embeddable":true,"href":"https:\/\/non-stopshop.eu\/ba\/wp-json\/wp\/v2\/product_cat?post=786"},{"taxonomy":"product_tag","embeddable":true,"href":"https:\/\/non-stopshop.eu\/ba\/wp-json\/wp\/v2\/product_tag?post=786"}],"curies":[{"name":"wp","href":"https:\/\/api.w.org\/{rel}","templated":true}]}}