{"id":7882,"date":"2022-07-08T13:34:32","date_gmt":"2022-07-08T11:34:32","guid":{"rendered":"https:\/\/non-stopshop.eu\/ba\/?post_type=product&#038;p=7882"},"modified":"2023-11-22T09:16:57","modified_gmt":"2023-11-22T08:16:57","slug":"spojnica-za-podmazivanje-topgreas","status":"publish","type":"product","link":"https:\/\/non-stopshop.eu\/ba\/proizvod\/spojnica-za-podmazivanje-topgreas\/","title":{"rendered":"Spojnica za podmazivanje &#8211; TopGreas"},"content":{"rendered":"","protected":false},"excerpt":{"rendered":"<p>Nadogradite va\u0161 pi\u0161tolj za podmazivanje sa ovim nepropusnim nastavkom. Otpustite polugu za palac i oslobotite obe ruke za upotrebu pi\u0161tolja za podmazivanje.<\/p>\n","protected":false},"featured_media":7889,"comment_status":"closed","ping_status":"closed","template":"","meta":{"inline_featured_image":false},"product_brand":[],"product_cat":[15,25,27,36],"product_tag":[],"class_list":{"0":"post-7882","1":"product","2":"type-product","3":"status-publish","4":"has-post-thumbnail","6":"product_cat-uncategorized","7":"product_cat-car","8":"product_cat-home","9":"product_cat-seasonal-discounts","11":"first","12":"instock","13":"sale","14":"shipping-taxable","15":"purchasable","16":"product-type-simple"},"acf":[],"_links":{"self":[{"href":"https:\/\/non-stopshop.eu\/ba\/wp-json\/wp\/v2\/product\/7882","targetHints":{"allow":["GET"]}}],"collection":[{"href":"https:\/\/non-stopshop.eu\/ba\/wp-json\/wp\/v2\/product"}],"about":[{"href":"https:\/\/non-stopshop.eu\/ba\/wp-json\/wp\/v2\/types\/product"}],"replies":[{"embeddable":true,"href":"https:\/\/non-stopshop.eu\/ba\/wp-json\/wp\/v2\/comments?post=7882"}],"wp:featuredmedia":[{"embeddable":true,"href":"https:\/\/non-stopshop.eu\/ba\/wp-json\/wp\/v2\/media\/7889"}],"wp:attachment":[{"href":"https:\/\/non-stopshop.eu\/ba\/wp-json\/wp\/v2\/media?parent=7882"}],"wp:term":[{"taxonomy":"product_brand","embeddable":true,"href":"https:\/\/non-stopshop.eu\/ba\/wp-json\/wp\/v2\/product_brand?post=7882"},{"taxonomy":"product_cat","embeddable":true,"href":"https:\/\/non-stopshop.eu\/ba\/wp-json\/wp\/v2\/product_cat?post=7882"},{"taxonomy":"product_tag","embeddable":true,"href":"https:\/\/non-stopshop.eu\/ba\/wp-json\/wp\/v2\/product_tag?post=7882"}],"curies":[{"name":"wp","href":"https:\/\/api.w.org\/{rel}","templated":true}]}}