{"id":7915,"date":"2022-07-08T15:00:10","date_gmt":"2022-07-08T13:00:10","guid":{"rendered":"https:\/\/non-stopshop.eu\/ba\/?post_type=product&#038;p=7915"},"modified":"2023-11-22T09:16:49","modified_gmt":"2023-11-22T08:16:49","slug":"igra-podudaranja-oblika","status":"publish","type":"product","link":"https:\/\/non-stopshop.eu\/ba\/proizvod\/igra-podudaranja-oblika\/","title":{"rendered":"Igra podudaranja oblika"},"content":{"rendered":"","protected":false},"excerpt":{"rendered":"<p>Ova senzorna edukativna igra podudaranja i pronala\u017eenja odgovaraj\u0107ih oblika idealna je kombinacija u\u010denja i zabave. Pru\u017eite va\u0161oj dijeci idealnu zabavu!<\/p>\n","protected":false},"featured_media":7918,"comment_status":"closed","ping_status":"closed","template":"","meta":{"inline_featured_image":false},"product_brand":[],"product_cat":[15,36,35],"product_tag":[],"class_list":{"0":"post-7915","1":"product","2":"type-product","3":"status-publish","4":"has-post-thumbnail","6":"product_cat-uncategorized","7":"product_cat-seasonal-discounts","8":"product_cat-fun","10":"first","11":"instock","12":"sale","13":"shipping-taxable","14":"purchasable","15":"product-type-simple"},"acf":[],"_links":{"self":[{"href":"https:\/\/non-stopshop.eu\/ba\/wp-json\/wp\/v2\/product\/7915","targetHints":{"allow":["GET"]}}],"collection":[{"href":"https:\/\/non-stopshop.eu\/ba\/wp-json\/wp\/v2\/product"}],"about":[{"href":"https:\/\/non-stopshop.eu\/ba\/wp-json\/wp\/v2\/types\/product"}],"replies":[{"embeddable":true,"href":"https:\/\/non-stopshop.eu\/ba\/wp-json\/wp\/v2\/comments?post=7915"}],"wp:featuredmedia":[{"embeddable":true,"href":"https:\/\/non-stopshop.eu\/ba\/wp-json\/wp\/v2\/media\/7918"}],"wp:attachment":[{"href":"https:\/\/non-stopshop.eu\/ba\/wp-json\/wp\/v2\/media?parent=7915"}],"wp:term":[{"taxonomy":"product_brand","embeddable":true,"href":"https:\/\/non-stopshop.eu\/ba\/wp-json\/wp\/v2\/product_brand?post=7915"},{"taxonomy":"product_cat","embeddable":true,"href":"https:\/\/non-stopshop.eu\/ba\/wp-json\/wp\/v2\/product_cat?post=7915"},{"taxonomy":"product_tag","embeddable":true,"href":"https:\/\/non-stopshop.eu\/ba\/wp-json\/wp\/v2\/product_tag?post=7915"}],"curies":[{"name":"wp","href":"https:\/\/api.w.org\/{rel}","templated":true}]}}