{"id":7930,"date":"2022-07-08T16:08:30","date_gmt":"2022-07-08T14:08:30","guid":{"rendered":"https:\/\/non-stopshop.eu\/ba\/?post_type=product&#038;p=7930"},"modified":"2023-01-10T12:51:11","modified_gmt":"2023-01-10T11:51:11","slug":"kapa-za-otklanjanje-glavobolje","status":"publish","type":"product","link":"https:\/\/non-stopshop.eu\/ba\/proizvod\/kapa-za-otklanjanje-glavobolje\/","title":{"rendered":"Kapa za otklanjanje glavobolje"},"content":{"rendered":"","protected":false},"excerpt":{"rendered":"<p>Pobolj\u0161ajte kvalitet va\u0161eg \u017eivota i re\u0161ite se glavobolje i stresa sa ovom fantasti\u010dnom kapom za otklanjanje bola.<\/p>\n","protected":false},"featured_media":7939,"comment_status":"closed","ping_status":"closed","template":"","meta":{"inline_featured_image":false},"product_brand":[],"product_cat":[15,28,36,26],"product_tag":[],"class_list":{"0":"post-7930","1":"product","2":"type-product","3":"status-publish","4":"has-post-thumbnail","6":"product_cat-uncategorized","7":"product_cat-beauty","8":"product_cat-seasonal-discounts","9":"product_cat-health","11":"first","12":"instock","13":"sale","14":"shipping-taxable","15":"purchasable","16":"product-type-simple"},"acf":[],"_links":{"self":[{"href":"https:\/\/non-stopshop.eu\/ba\/wp-json\/wp\/v2\/product\/7930","targetHints":{"allow":["GET"]}}],"collection":[{"href":"https:\/\/non-stopshop.eu\/ba\/wp-json\/wp\/v2\/product"}],"about":[{"href":"https:\/\/non-stopshop.eu\/ba\/wp-json\/wp\/v2\/types\/product"}],"replies":[{"embeddable":true,"href":"https:\/\/non-stopshop.eu\/ba\/wp-json\/wp\/v2\/comments?post=7930"}],"wp:featuredmedia":[{"embeddable":true,"href":"https:\/\/non-stopshop.eu\/ba\/wp-json\/wp\/v2\/media\/7939"}],"wp:attachment":[{"href":"https:\/\/non-stopshop.eu\/ba\/wp-json\/wp\/v2\/media?parent=7930"}],"wp:term":[{"taxonomy":"product_brand","embeddable":true,"href":"https:\/\/non-stopshop.eu\/ba\/wp-json\/wp\/v2\/product_brand?post=7930"},{"taxonomy":"product_cat","embeddable":true,"href":"https:\/\/non-stopshop.eu\/ba\/wp-json\/wp\/v2\/product_cat?post=7930"},{"taxonomy":"product_tag","embeddable":true,"href":"https:\/\/non-stopshop.eu\/ba\/wp-json\/wp\/v2\/product_tag?post=7930"}],"curies":[{"name":"wp","href":"https:\/\/api.w.org\/{rel}","templated":true}]}}