{"id":795,"date":"2021-01-03T11:59:05","date_gmt":"2021-01-03T10:59:05","guid":{"rendered":"https:\/\/shopium.eu\/ba\/?post_type=product&#038;p=795"},"modified":"2021-01-05T13:18:17","modified_gmt":"2021-01-05T12:18:17","slug":"womenswaist","status":"publish","type":"product","link":"https:\/\/non-stopshop.eu\/ba\/proizvod\/womenswaist\/","title":{"rendered":"Pojas za mr\u0161avljenje za \u017eene &#8211; WomensWaist"},"content":{"rendered":"","protected":false},"excerpt":{"rendered":"<ul>\n<li>Ovaj revolucionarni pojas \u0107e ubrzati va\u0161 metabolizam, unaprijediti zagrijavanje i oporavak nakon vje\u017ebanja, sagorjeti vi\u0161e kalorija i posti\u0107i znatno bolje rezultate trena\u017enog procesa.<\/li>\n<li>Pojas je potpuno elasti\u010dan i fleksibilan tako da se prilago\u0111ava pokretima va\u0161eg tijela u potpunosti za potpunu udobnost tokom no\u0161enja.<\/li>\n<li>Izra\u0111en od kvalitetnog poliuretana i spu\u017eve koji podi\u017eu temperaturu i ne propu\u0161taju toplotu tako da se rezultati posti\u017eu veoma brzo.<\/li>\n<\/ul>\n","protected":false},"featured_media":806,"comment_status":"closed","ping_status":"closed","template":"","meta":{"inline_featured_image":false},"product_brand":[],"product_cat":[15],"product_tag":[],"class_list":{"0":"post-795","1":"product","2":"type-product","3":"status-publish","4":"has-post-thumbnail","6":"product_cat-uncategorized","8":"first","9":"instock","10":"sale","11":"shipping-taxable","12":"purchasable","13":"product-type-simple"},"acf":[],"_links":{"self":[{"href":"https:\/\/non-stopshop.eu\/ba\/wp-json\/wp\/v2\/product\/795","targetHints":{"allow":["GET"]}}],"collection":[{"href":"https:\/\/non-stopshop.eu\/ba\/wp-json\/wp\/v2\/product"}],"about":[{"href":"https:\/\/non-stopshop.eu\/ba\/wp-json\/wp\/v2\/types\/product"}],"replies":[{"embeddable":true,"href":"https:\/\/non-stopshop.eu\/ba\/wp-json\/wp\/v2\/comments?post=795"}],"wp:featuredmedia":[{"embeddable":true,"href":"https:\/\/non-stopshop.eu\/ba\/wp-json\/wp\/v2\/media\/806"}],"wp:attachment":[{"href":"https:\/\/non-stopshop.eu\/ba\/wp-json\/wp\/v2\/media?parent=795"}],"wp:term":[{"taxonomy":"product_brand","embeddable":true,"href":"https:\/\/non-stopshop.eu\/ba\/wp-json\/wp\/v2\/product_brand?post=795"},{"taxonomy":"product_cat","embeddable":true,"href":"https:\/\/non-stopshop.eu\/ba\/wp-json\/wp\/v2\/product_cat?post=795"},{"taxonomy":"product_tag","embeddable":true,"href":"https:\/\/non-stopshop.eu\/ba\/wp-json\/wp\/v2\/product_tag?post=795"}],"curies":[{"name":"wp","href":"https:\/\/api.w.org\/{rel}","templated":true}]}}