{"id":7964,"date":"2022-07-11T12:23:07","date_gmt":"2022-07-11T10:23:07","guid":{"rendered":"https:\/\/non-stopshop.eu\/ba\/?post_type=product&#038;p=7964"},"modified":"2022-08-17T12:28:18","modified_gmt":"2022-08-17T10:28:18","slug":"komplet-za-popravak-pukotina-na-paravanima","status":"publish","type":"product","link":"https:\/\/non-stopshop.eu\/ba\/proizvod\/komplet-za-popravak-pukotina-na-paravanima\/","title":{"rendered":"Komplet za popravak pukotina na paravanima"},"content":{"rendered":"","protected":false},"excerpt":{"rendered":"<p>U nekoliko jednostavnih koraka zakrpite sve rupe ili spre\u010dite dalje cijepanje svih za\u0161tita za prozore, vrata i sli\u010dno.<\/p>\n","protected":false},"featured_media":7968,"comment_status":"closed","ping_status":"closed","template":"","meta":{"inline_featured_image":false},"product_brand":[],"product_cat":[15,27,36,35],"product_tag":[],"class_list":{"0":"post-7964","1":"product","2":"type-product","3":"status-publish","4":"has-post-thumbnail","6":"product_cat-uncategorized","7":"product_cat-home","8":"product_cat-seasonal-discounts","9":"product_cat-fun","11":"first","12":"instock","13":"sale","14":"shipping-taxable","15":"purchasable","16":"product-type-simple"},"acf":[],"_links":{"self":[{"href":"https:\/\/non-stopshop.eu\/ba\/wp-json\/wp\/v2\/product\/7964","targetHints":{"allow":["GET"]}}],"collection":[{"href":"https:\/\/non-stopshop.eu\/ba\/wp-json\/wp\/v2\/product"}],"about":[{"href":"https:\/\/non-stopshop.eu\/ba\/wp-json\/wp\/v2\/types\/product"}],"replies":[{"embeddable":true,"href":"https:\/\/non-stopshop.eu\/ba\/wp-json\/wp\/v2\/comments?post=7964"}],"wp:featuredmedia":[{"embeddable":true,"href":"https:\/\/non-stopshop.eu\/ba\/wp-json\/wp\/v2\/media\/7968"}],"wp:attachment":[{"href":"https:\/\/non-stopshop.eu\/ba\/wp-json\/wp\/v2\/media?parent=7964"}],"wp:term":[{"taxonomy":"product_brand","embeddable":true,"href":"https:\/\/non-stopshop.eu\/ba\/wp-json\/wp\/v2\/product_brand?post=7964"},{"taxonomy":"product_cat","embeddable":true,"href":"https:\/\/non-stopshop.eu\/ba\/wp-json\/wp\/v2\/product_cat?post=7964"},{"taxonomy":"product_tag","embeddable":true,"href":"https:\/\/non-stopshop.eu\/ba\/wp-json\/wp\/v2\/product_tag?post=7964"}],"curies":[{"name":"wp","href":"https:\/\/api.w.org\/{rel}","templated":true}]}}