{"id":813,"date":"2021-01-03T12:06:29","date_gmt":"2021-01-03T11:06:29","guid":{"rendered":"https:\/\/shopium.eu\/ba\/?post_type=product&#038;p=813"},"modified":"2021-01-05T13:15:56","modified_gmt":"2021-01-05T12:15:56","slug":"handstraining","status":"publish","type":"product","link":"https:\/\/non-stopshop.eu\/ba\/proizvod\/handstraining\/","title":{"rendered":"Sprava za vje\u017ebanje mi\u0161i\u0107a ruku &#8211; HandsTraining"},"content":{"rendered":"","protected":false},"excerpt":{"rendered":"<ul>\n<li>Ukoliko oduvijek ma\u0161tate o savr\u0161eno izvajanom tijelu kakvo vi\u0111ate uglavnom samo u \u010dasopisima, sada to ivi\u0161e ne mora da bude samo sam. Uz redovan trening pomo\u0107u ove sjajne sprave, u toplini svog doma, za veoma kratko vrijeme posti\u0107i \u0107ete zavidnu figuru.<\/li>\n<li>Vje\u017ebanjem uz pomo\u0107 ove sjajne sprave, umanji\u0107ete pritisak na zglobove koji je neminovan u klasi\u010dnom tipu treninga, i time izbje\u0107i ne\u017eeljene bolove.<\/li>\n<li>Dok vje\u017ebate muskulaturu na rukama, ne samo da zate\u017eete ruke ve\u0107 i cijelo tijelo jer ubrzavate sagorjevanje kalorija redovnim vje\u017ebanjem.<\/li>\n<\/ul>\n","protected":false},"featured_media":816,"comment_status":"closed","ping_status":"closed","template":"","meta":{"inline_featured_image":false},"product_brand":[],"product_cat":[15],"product_tag":[],"class_list":{"0":"post-813","1":"product","2":"type-product","3":"status-publish","4":"has-post-thumbnail","6":"product_cat-uncategorized","8":"first","9":"instock","10":"sale","11":"shipping-taxable","12":"purchasable","13":"product-type-simple"},"acf":[],"_links":{"self":[{"href":"https:\/\/non-stopshop.eu\/ba\/wp-json\/wp\/v2\/product\/813","targetHints":{"allow":["GET"]}}],"collection":[{"href":"https:\/\/non-stopshop.eu\/ba\/wp-json\/wp\/v2\/product"}],"about":[{"href":"https:\/\/non-stopshop.eu\/ba\/wp-json\/wp\/v2\/types\/product"}],"replies":[{"embeddable":true,"href":"https:\/\/non-stopshop.eu\/ba\/wp-json\/wp\/v2\/comments?post=813"}],"wp:featuredmedia":[{"embeddable":true,"href":"https:\/\/non-stopshop.eu\/ba\/wp-json\/wp\/v2\/media\/816"}],"wp:attachment":[{"href":"https:\/\/non-stopshop.eu\/ba\/wp-json\/wp\/v2\/media?parent=813"}],"wp:term":[{"taxonomy":"product_brand","embeddable":true,"href":"https:\/\/non-stopshop.eu\/ba\/wp-json\/wp\/v2\/product_brand?post=813"},{"taxonomy":"product_cat","embeddable":true,"href":"https:\/\/non-stopshop.eu\/ba\/wp-json\/wp\/v2\/product_cat?post=813"},{"taxonomy":"product_tag","embeddable":true,"href":"https:\/\/non-stopshop.eu\/ba\/wp-json\/wp\/v2\/product_tag?post=813"}],"curies":[{"name":"wp","href":"https:\/\/api.w.org\/{rel}","templated":true}]}}