{"id":824,"date":"2021-01-03T12:13:04","date_gmt":"2021-01-03T11:13:04","guid":{"rendered":"https:\/\/shopium.eu\/ba\/?post_type=product&#038;p=824"},"modified":"2021-04-02T15:48:09","modified_gmt":"2021-04-02T13:48:09","slug":"portablebbq","status":"publish","type":"product","link":"https:\/\/non-stopshop.eu\/ba\/proizvod\/portablebbq\/","title":{"rendered":"Prenosni ro\u0161tilj &#8211; PortableBbq"},"content":{"rendered":"","protected":false},"excerpt":{"rendered":"<p>Prenosni ro\u0161tilj o obliku torbe savr\u0161en za sve vrste boravka i pripremanja hrane u prirodi svojim dizajnom i kompaktno\u0161\u0107u omogu\u0107i\u0107e vam maksimalnu funkcionalnost i u\u0161tedu prostora.<\/p>\n","protected":false},"featured_media":828,"comment_status":"closed","ping_status":"closed","template":"","meta":{"inline_featured_image":false},"product_brand":[],"product_cat":[15],"product_tag":[],"class_list":{"0":"post-824","1":"product","2":"type-product","3":"status-publish","4":"has-post-thumbnail","6":"product_cat-uncategorized","8":"first","9":"instock","10":"sale","11":"shipping-taxable","12":"purchasable","13":"product-type-simple"},"acf":[],"_links":{"self":[{"href":"https:\/\/non-stopshop.eu\/ba\/wp-json\/wp\/v2\/product\/824","targetHints":{"allow":["GET"]}}],"collection":[{"href":"https:\/\/non-stopshop.eu\/ba\/wp-json\/wp\/v2\/product"}],"about":[{"href":"https:\/\/non-stopshop.eu\/ba\/wp-json\/wp\/v2\/types\/product"}],"replies":[{"embeddable":true,"href":"https:\/\/non-stopshop.eu\/ba\/wp-json\/wp\/v2\/comments?post=824"}],"wp:featuredmedia":[{"embeddable":true,"href":"https:\/\/non-stopshop.eu\/ba\/wp-json\/wp\/v2\/media\/828"}],"wp:attachment":[{"href":"https:\/\/non-stopshop.eu\/ba\/wp-json\/wp\/v2\/media?parent=824"}],"wp:term":[{"taxonomy":"product_brand","embeddable":true,"href":"https:\/\/non-stopshop.eu\/ba\/wp-json\/wp\/v2\/product_brand?post=824"},{"taxonomy":"product_cat","embeddable":true,"href":"https:\/\/non-stopshop.eu\/ba\/wp-json\/wp\/v2\/product_cat?post=824"},{"taxonomy":"product_tag","embeddable":true,"href":"https:\/\/non-stopshop.eu\/ba\/wp-json\/wp\/v2\/product_tag?post=824"}],"curies":[{"name":"wp","href":"https:\/\/api.w.org\/{rel}","templated":true}]}}