{"id":833,"date":"2021-01-03T12:16:24","date_gmt":"2021-01-03T11:16:24","guid":{"rendered":"https:\/\/shopium.eu\/ba\/?post_type=product&#038;p=833"},"modified":"2021-01-05T13:13:07","modified_gmt":"2021-01-05T12:13:07","slug":"heattrapping","status":"publish","type":"product","link":"https:\/\/non-stopshop.eu\/ba\/proizvod\/heattrapping\/","title":{"rendered":"Kompresijski pojas za mu\u0161karce &#8211; HeatTrapping"},"content":{"rendered":"","protected":false},"excerpt":{"rendered":"<ul>\n<li>Maksimizirajte efekte treninga i uz pomo\u0107 sauna efekta koji izaziva ovaj pojas, skinite vi\u0161ak masnih naslaga na podru\u010dju struka i stomaka.<\/li>\n<li>Kompresijom abdomena i struka izazva\u0107e dodatnu toplotu \u0161to hzna\u010di da \u0107e se tijelo znojiti u tom predjelu i pobolj\u0161ati proces mr\u0161avljenja za \u010dak 40%, dokazano!<\/li>\n<li>Nikad br\u017ee ne\u0107ete posti\u0107i izvajani struk nego sa ovim pojasom koji \u0107e ubrzati proces mr\u0161avljenja tj. topljenja zaljepljenih masnih naslaga na kriti\u010dnim zonama.<\/li>\n<\/ul>\n","protected":false},"featured_media":843,"comment_status":"closed","ping_status":"closed","template":"","meta":{"inline_featured_image":false},"product_brand":[],"product_cat":[15],"product_tag":[],"class_list":{"0":"post-833","1":"product","2":"type-product","3":"status-publish","4":"has-post-thumbnail","6":"product_cat-uncategorized","8":"first","9":"instock","10":"sale","11":"shipping-taxable","12":"purchasable","13":"product-type-simple"},"acf":[],"_links":{"self":[{"href":"https:\/\/non-stopshop.eu\/ba\/wp-json\/wp\/v2\/product\/833","targetHints":{"allow":["GET"]}}],"collection":[{"href":"https:\/\/non-stopshop.eu\/ba\/wp-json\/wp\/v2\/product"}],"about":[{"href":"https:\/\/non-stopshop.eu\/ba\/wp-json\/wp\/v2\/types\/product"}],"replies":[{"embeddable":true,"href":"https:\/\/non-stopshop.eu\/ba\/wp-json\/wp\/v2\/comments?post=833"}],"wp:featuredmedia":[{"embeddable":true,"href":"https:\/\/non-stopshop.eu\/ba\/wp-json\/wp\/v2\/media\/843"}],"wp:attachment":[{"href":"https:\/\/non-stopshop.eu\/ba\/wp-json\/wp\/v2\/media?parent=833"}],"wp:term":[{"taxonomy":"product_brand","embeddable":true,"href":"https:\/\/non-stopshop.eu\/ba\/wp-json\/wp\/v2\/product_brand?post=833"},{"taxonomy":"product_cat","embeddable":true,"href":"https:\/\/non-stopshop.eu\/ba\/wp-json\/wp\/v2\/product_cat?post=833"},{"taxonomy":"product_tag","embeddable":true,"href":"https:\/\/non-stopshop.eu\/ba\/wp-json\/wp\/v2\/product_tag?post=833"}],"curies":[{"name":"wp","href":"https:\/\/api.w.org\/{rel}","templated":true}]}}