{"id":862,"date":"2021-01-03T12:37:44","date_gmt":"2021-01-03T11:37:44","guid":{"rendered":"https:\/\/shopium.eu\/ba\/?post_type=product&#038;p=862"},"modified":"2021-01-05T13:12:26","modified_gmt":"2021-01-05T12:12:26","slug":"jumpingfoam","status":"publish","type":"product","link":"https:\/\/non-stopshop.eu\/ba\/proizvod\/jumpingfoam\/","title":{"rendered":"Igra skakanja na pjeni &#8211; JumpingFoam"},"content":{"rendered":"","protected":false},"excerpt":{"rendered":"<ul>\n<li>Igra skakutanja na ovoj sjajnoj pjeni, unaprijedi\u0107e koordinaciju pokreta ruku i o\u010diju i razvijati motori\u010dke osobine kod va\u0161eg djeteta.<\/li>\n<li>Pjena je izra\u0111ena od izdr\u017eljivog i neklizaju\u0107eg materijala tako da je klinci mogu upotrebljavati i u prostorijama i u vanjskim aktivnostima potpuno sigurno.<\/li>\n<li>Igra skakanja je apsolutni hit namijenjen dje\u010dijoj igri i zabavi, ali odu\u0161evo\u0107e i starije generacije koje ne\u0107e ostati ravnodu\u0161ni na veseli dje\u010diji \u017eamor.<\/li>\n<\/ul>\n","protected":false},"featured_media":854,"comment_status":"closed","ping_status":"closed","template":"","meta":{"inline_featured_image":false},"product_brand":[],"product_cat":[15],"product_tag":[],"class_list":{"0":"post-862","1":"product","2":"type-product","3":"status-publish","4":"has-post-thumbnail","6":"product_cat-uncategorized","8":"first","9":"instock","10":"sale","11":"shipping-taxable","12":"purchasable","13":"product-type-simple"},"acf":[],"_links":{"self":[{"href":"https:\/\/non-stopshop.eu\/ba\/wp-json\/wp\/v2\/product\/862","targetHints":{"allow":["GET"]}}],"collection":[{"href":"https:\/\/non-stopshop.eu\/ba\/wp-json\/wp\/v2\/product"}],"about":[{"href":"https:\/\/non-stopshop.eu\/ba\/wp-json\/wp\/v2\/types\/product"}],"replies":[{"embeddable":true,"href":"https:\/\/non-stopshop.eu\/ba\/wp-json\/wp\/v2\/comments?post=862"}],"wp:featuredmedia":[{"embeddable":true,"href":"https:\/\/non-stopshop.eu\/ba\/wp-json\/wp\/v2\/media\/854"}],"wp:attachment":[{"href":"https:\/\/non-stopshop.eu\/ba\/wp-json\/wp\/v2\/media?parent=862"}],"wp:term":[{"taxonomy":"product_brand","embeddable":true,"href":"https:\/\/non-stopshop.eu\/ba\/wp-json\/wp\/v2\/product_brand?post=862"},{"taxonomy":"product_cat","embeddable":true,"href":"https:\/\/non-stopshop.eu\/ba\/wp-json\/wp\/v2\/product_cat?post=862"},{"taxonomy":"product_tag","embeddable":true,"href":"https:\/\/non-stopshop.eu\/ba\/wp-json\/wp\/v2\/product_tag?post=862"}],"curies":[{"name":"wp","href":"https:\/\/api.w.org\/{rel}","templated":true}]}}