{"id":863,"date":"2021-01-03T12:39:03","date_gmt":"2021-01-03T11:39:03","guid":{"rendered":"https:\/\/shopium.eu\/ba\/?post_type=product&#038;p=863"},"modified":"2021-01-05T13:12:11","modified_gmt":"2021-01-05T12:12:11","slug":"portableiron","status":"publish","type":"product","link":"https:\/\/non-stopshop.eu\/ba\/proizvod\/portableiron\/","title":{"rendered":"Prenosiva pegla &#8211; PortableIron"},"content":{"rendered":"","protected":false},"excerpt":{"rendered":"<ul>\n<li>Izgledajte besprijekorno uredno bilo kad i bilo gdje uz pomo\u0107 ove sjajne mini prenosne pegle veli\u010dine dlana koja \u0107e ispeglati va\u0161u garderobu i biti uvijek u va\u0161em koferu.<\/li>\n<li>Pegla je podesiva u 6 razli\u010ditih temperatura koje se veoma lako mogu prilagoditi svakoj vrsti tkanine (poliester, pamuk, svila, vuna i sl).<\/li>\n<li>Pegla ima dvostruku namjenu, tj. savr\u0161ena je za brzo peglanje manjih povr\u0161ina, ali i onda kada je potrebno ispeglati ve\u0107e povr\u0161ine.<\/li>\n<\/ul>\n","protected":false},"featured_media":869,"comment_status":"closed","ping_status":"closed","template":"","meta":{"inline_featured_image":false},"product_brand":[],"product_cat":[15],"product_tag":[],"class_list":{"0":"post-863","1":"product","2":"type-product","3":"status-publish","4":"has-post-thumbnail","6":"product_cat-uncategorized","8":"first","9":"instock","10":"sale","11":"shipping-taxable","12":"purchasable","13":"product-type-simple"},"acf":[],"_links":{"self":[{"href":"https:\/\/non-stopshop.eu\/ba\/wp-json\/wp\/v2\/product\/863","targetHints":{"allow":["GET"]}}],"collection":[{"href":"https:\/\/non-stopshop.eu\/ba\/wp-json\/wp\/v2\/product"}],"about":[{"href":"https:\/\/non-stopshop.eu\/ba\/wp-json\/wp\/v2\/types\/product"}],"replies":[{"embeddable":true,"href":"https:\/\/non-stopshop.eu\/ba\/wp-json\/wp\/v2\/comments?post=863"}],"wp:featuredmedia":[{"embeddable":true,"href":"https:\/\/non-stopshop.eu\/ba\/wp-json\/wp\/v2\/media\/869"}],"wp:attachment":[{"href":"https:\/\/non-stopshop.eu\/ba\/wp-json\/wp\/v2\/media?parent=863"}],"wp:term":[{"taxonomy":"product_brand","embeddable":true,"href":"https:\/\/non-stopshop.eu\/ba\/wp-json\/wp\/v2\/product_brand?post=863"},{"taxonomy":"product_cat","embeddable":true,"href":"https:\/\/non-stopshop.eu\/ba\/wp-json\/wp\/v2\/product_cat?post=863"},{"taxonomy":"product_tag","embeddable":true,"href":"https:\/\/non-stopshop.eu\/ba\/wp-json\/wp\/v2\/product_tag?post=863"}],"curies":[{"name":"wp","href":"https:\/\/api.w.org\/{rel}","templated":true}]}}