{"id":872,"date":"2021-01-03T12:42:58","date_gmt":"2021-01-03T11:42:58","guid":{"rendered":"https:\/\/shopium.eu\/ba\/?post_type=product&#038;p=872"},"modified":"2021-01-05T13:11:55","modified_gmt":"2021-01-05T12:11:55","slug":"slickbackcomb","status":"publish","type":"product","link":"https:\/\/non-stopshop.eu\/ba\/proizvod\/slickbackcomb\/","title":{"rendered":"Profesionalni dvostrani \u010de\u0161alj &#8211; SlickBackComb"},"content":{"rendered":"","protected":false},"excerpt":{"rendered":"<ul>\n<li>Ovaj \u010de\u0161alj je najbolja alatka za va\u0161u kosu u koju mo\u017eete da investirate. Oblikova\u0107e je u \u017eeljenu formu bez obzira na tip ili du\u017einu kose.<\/li>\n<li>Napravite savr\u0161ene frizure u samo nekoliko trenutaka u toplini svog doma, i ne samo to, ovaj \u010de\u0161alj je pogodan i za profesionalnu upotrebu \u0161to \u0107e zasigurno prepoznati svi iskusni frizeri.<\/li>\n<li>Koristite stranu koja vam vi\u0161e odgovara, jedna strana \u010de\u0161lja je namijenjena klasi\u010dnim, uredno za\u010de\u0161ljanim stilovima, dok su druge dve strane \u0161irokozube i namijenjene za vi\u0161e opu\u0161teniji, labaviji izgled kose.<\/li>\n<\/ul>\n","protected":false},"featured_media":877,"comment_status":"closed","ping_status":"closed","template":"","meta":{"inline_featured_image":false},"product_brand":[],"product_cat":[15],"product_tag":[],"class_list":{"0":"post-872","1":"product","2":"type-product","3":"status-publish","4":"has-post-thumbnail","6":"product_cat-uncategorized","8":"first","9":"instock","10":"sale","11":"shipping-taxable","12":"purchasable","13":"product-type-simple"},"acf":[],"_links":{"self":[{"href":"https:\/\/non-stopshop.eu\/ba\/wp-json\/wp\/v2\/product\/872","targetHints":{"allow":["GET"]}}],"collection":[{"href":"https:\/\/non-stopshop.eu\/ba\/wp-json\/wp\/v2\/product"}],"about":[{"href":"https:\/\/non-stopshop.eu\/ba\/wp-json\/wp\/v2\/types\/product"}],"replies":[{"embeddable":true,"href":"https:\/\/non-stopshop.eu\/ba\/wp-json\/wp\/v2\/comments?post=872"}],"wp:featuredmedia":[{"embeddable":true,"href":"https:\/\/non-stopshop.eu\/ba\/wp-json\/wp\/v2\/media\/877"}],"wp:attachment":[{"href":"https:\/\/non-stopshop.eu\/ba\/wp-json\/wp\/v2\/media?parent=872"}],"wp:term":[{"taxonomy":"product_brand","embeddable":true,"href":"https:\/\/non-stopshop.eu\/ba\/wp-json\/wp\/v2\/product_brand?post=872"},{"taxonomy":"product_cat","embeddable":true,"href":"https:\/\/non-stopshop.eu\/ba\/wp-json\/wp\/v2\/product_cat?post=872"},{"taxonomy":"product_tag","embeddable":true,"href":"https:\/\/non-stopshop.eu\/ba\/wp-json\/wp\/v2\/product_tag?post=872"}],"curies":[{"name":"wp","href":"https:\/\/api.w.org\/{rel}","templated":true}]}}